{"id":1021,"date":"2025-01-20T11:32:58","date_gmt":"2025-01-20T10:32:58","guid":{"rendered":"https:\/\/uniformesescolarsplatoon.cat\/?page_id=1021"},"modified":"2025-01-31T10:52:31","modified_gmt":"2025-01-31T09:52:31","slug":"xandalls-guaderies","status":"publish","type":"page","link":"https:\/\/uniformesescolarsplatoon.cat\/index.php\/xandalls-guaderies\/","title":{"rendered":"Xandalls guaderies"},"content":{"rendered":"\t\t<div data-elementor-type=\"wp-page\" data-elementor-id=\"1021\" class=\"elementor elementor-1021\" data-elementor-post-type=\"page\">\n\t\t\t\t<div class=\"elementor-element elementor-element-26e22784 e-flex e-con-boxed e-con e-parent\" data-id=\"26e22784\" data-element_type=\"container\" data-settings=\"{&quot;background_background&quot;:&quot;classic&quot;}\">\n\t\t\t\t\t<div class=\"e-con-inner\">\n\t\t\t\t<div class=\"elementor-element elementor-element-60f872ad animated-slow elementor-invisible elementor-widget elementor-widget-heading\" data-id=\"60f872ad\" data-element_type=\"widget\" data-settings=\"{&quot;_animation&quot;:&quot;slideInUp&quot;}\" data-widget_type=\"heading.default\">\n\t\t\t\t<div class=\"elementor-widget-container\">\n\t\t\t<h2 class=\"elementor-heading-title elementor-size-default\">CONFECCI\u00d3 I VENDA DE XANDALLS PER A GUARDERIES<\/h2>\t\t<\/div>\n\t\t\t\t<\/div>\n\t\t\t\t<div class=\"elementor-element elementor-element-3f337b11 animated-slow elementor-invisible elementor-widget elementor-widget-heading\" data-id=\"3f337b11\" data-element_type=\"widget\" data-settings=\"{&quot;_animation&quot;:&quot;slideInUp&quot;}\" data-widget_type=\"heading.default\">\n\t\t\t\t<div class=\"elementor-widget-container\">\n\t\t\t<h2 class=\"elementor-heading-title elementor-size-default\">XANDALLS PER A GUARDERIES <BR> I PER ALS M\u00c9S PETITS<\/h2>\t\t<\/div>\n\t\t\t\t<\/div>\n\t\t\t\t\t<\/div>\n\t\t\t\t<\/div>\n\t\t<div class=\"elementor-element elementor-element-9b4d458 e-flex e-con-boxed e-con e-parent\" data-id=\"9b4d458\" data-element_type=\"container\" data-settings=\"{&quot;background_background&quot;:&quot;classic&quot;}\">\n\t\t\t\t\t<div class=\"e-con-inner\">\n\t\t\t\t<div class=\"elementor-element elementor-element-3589eba elementor-widget elementor-widget-spacer\" data-id=\"3589eba\" data-element_type=\"widget\" data-widget_type=\"spacer.default\">\n\t\t\t\t<div class=\"elementor-widget-container\">\n\t\t\t\t\t<div class=\"elementor-spacer\">\n\t\t\t<div class=\"elementor-spacer-inner\"><\/div>\n\t\t<\/div>\n\t\t\t\t<\/div>\n\t\t\t\t<\/div>\n\t\t\t\t\t<\/div>\n\t\t\t\t<\/div>\n\t\t<div class=\"elementor-element elementor-element-6b11780 e-flex e-con-boxed e-con e-parent\" data-id=\"6b11780\" data-element_type=\"container\" data-settings=\"{&quot;background_background&quot;:&quot;classic&quot;}\">\n\t\t\t\t\t<div class=\"e-con-inner\">\n\t\t\t\t<div class=\"elementor-element elementor-element-b00d6eb elementor-pagination-type-bullets elementor-arrows-position-inside elementor-pagination-position-outside elementor-widget elementor-widget-n-carousel\" data-id=\"b00d6eb\" data-element_type=\"widget\" data-settings=\"{&quot;carousel_items&quot;:[{&quot;slide_title&quot;:&quot;Xandalls Personalitzats&quot;,&quot;_id&quot;:&quot;d38ec48&quot;},{&quot;slide_title&quot;:&quot;Experi\\u00e8ncia demostrable&quot;,&quot;_id&quot;:&quot;6beaece&quot;},{&quot;slide_title&quot;:&quot;Uniformitats per a col\\u00b7legis&quot;,&quot;_id&quot;:&quot;43aa6d4&quot;},{&quot;_id&quot;:&quot;9aefc7d&quot;,&quot;slide_title&quot;:&quot;Fabricacions sense limitacions&quot;},{&quot;_id&quot;:&quot;bd76bbd&quot;,&quot;slide_title&quot;:&quot;Gran qualitat i resist\\u00e8ncia&quot;},{&quot;slide_title&quot;:&quot;Pressupost sense comprom\\u00eds&quot;,&quot;_id&quot;:&quot;8f581af&quot;}],&quot;slides_to_show_tablet&quot;:&quot;2&quot;,&quot;slides_to_show_mobile&quot;:&quot;1&quot;,&quot;autoplay&quot;:&quot;yes&quot;,&quot;autoplay_speed&quot;:5000,&quot;pause_on_hover&quot;:&quot;yes&quot;,&quot;pause_on_interaction&quot;:&quot;yes&quot;,&quot;infinite&quot;:&quot;yes&quot;,&quot;speed&quot;:500,&quot;offset_sides&quot;:&quot;none&quot;,&quot;arrows&quot;:&quot;yes&quot;,&quot;pagination&quot;:&quot;bullets&quot;,&quot;image_spacing_custom&quot;:{&quot;unit&quot;:&quot;px&quot;,&quot;size&quot;:10,&quot;sizes&quot;:[]},&quot;image_spacing_custom_tablet&quot;:{&quot;unit&quot;:&quot;px&quot;,&quot;size&quot;:&quot;&quot;,&quot;sizes&quot;:[]},&quot;image_spacing_custom_mobile&quot;:{&quot;unit&quot;:&quot;px&quot;,&quot;size&quot;:&quot;&quot;,&quot;sizes&quot;:[]}}\" data-widget_type=\"nested-carousel.default\">\n\t\t\t\t<div class=\"elementor-widget-container\">\n\t\t\t\t\t<div class=\"e-n-carousel swiper\" dir=\"ltr\">\n\t\t\t<div class=\"swiper-wrapper\" aria-live=\"off\">\n\t\t\t\t\t\t\t\t\t\t<div class=\"swiper-slide\" data-slide=\"1\" role=\"group\" aria-roledescription=\"slide\" aria-label=\"1 of 6\">\n\t\t\t\t\t\t\t<div class=\"elementor-element elementor-element-b2c1546 e-flex e-con-boxed e-con e-child\" data-id=\"b2c1546\" data-element_type=\"container\" data-settings=\"{&quot;background_background&quot;:&quot;classic&quot;}\">\n\t\t\t\t\t<div class=\"e-con-inner\">\n\t\t<div class=\"elementor-element elementor-element-ca2152d e-con-full e-flex e-con e-child\" data-id=\"ca2152d\" data-element_type=\"container\">\n\t\t\t\t<div class=\"elementor-element elementor-element-51aa4bb elementor-widget elementor-widget-heading\" data-id=\"51aa4bb\" data-element_type=\"widget\" data-widget_type=\"heading.default\">\n\t\t\t\t<div class=\"elementor-widget-container\">\n\t\t\t<h3 class=\"elementor-heading-title elementor-size-default\">Xandalls Personalitzats<br>____<\/h3>\t\t<\/div>\n\t\t\t\t<\/div>\n\t\t\t\t<div class=\"elementor-element elementor-element-7ca44a8 elementor-widget elementor-widget-text-editor\" data-id=\"7ca44a8\" data-element_type=\"widget\" data-widget_type=\"text-editor.default\">\n\t\t\t\t<div class=\"elementor-widget-container\">\n\t\t\t\t\t\t\t<p data-pm-slice=\"1 1 []\">En Uniformes Escolars Platoon realitzem la confecci\u00f3 i venda de xandalls per a guarderies de qualsevol color i disseny, amb el seu logotip personalitzat per a Terrassa i la resta del territori.<\/p>\t\t\t\t\t\t<\/div>\n\t\t\t\t<\/div>\n\t\t\t\t<\/div>\n\t\t\t\t\t<\/div>\n\t\t\t\t<\/div>\n\t\t\t\t\t\t\t\t<\/div>\n\t\t\t\t\t\t\t\t\t\t\t<div class=\"swiper-slide\" data-slide=\"2\" role=\"group\" aria-roledescription=\"slide\" aria-label=\"2 of 6\">\n\t\t\t\t\t\t\t<div class=\"elementor-element elementor-element-61e0bad e-flex e-con-boxed e-con e-child\" data-id=\"61e0bad\" data-element_type=\"container\" data-settings=\"{&quot;background_background&quot;:&quot;classic&quot;}\">\n\t\t\t\t\t<div class=\"e-con-inner\">\n\t\t\t\t<div class=\"elementor-element elementor-element-b29f3d4 elementor-widget elementor-widget-heading\" data-id=\"b29f3d4\" data-element_type=\"widget\" data-widget_type=\"heading.default\">\n\t\t\t\t<div class=\"elementor-widget-container\">\n\t\t\t<h3 class=\"elementor-heading-title elementor-size-default\">Experi\u00e8ncia demostrable<br>____<\/h3>\t\t<\/div>\n\t\t\t\t<\/div>\n\t\t\t\t<div class=\"elementor-element elementor-element-b6591e9 elementor-widget elementor-widget-text-editor\" data-id=\"b6591e9\" data-element_type=\"widget\" data-widget_type=\"text-editor.default\">\n\t\t\t\t<div class=\"elementor-widget-container\">\n\t\t\t\t\t\t\t<p data-pm-slice=\"1 1 []\">Dissenyem nosaltres mateixos els xandalls per a guarderies, comptem ja amb m\u00e9s de 30 anys d&#8217;experi\u00e8ncia, que faran que a m\u00e9s de ser dissenys funcionals i pr\u00e0ctics, siguin dissenys bonics i de gran qualitat.<\/p>\t\t\t\t\t\t<\/div>\n\t\t\t\t<\/div>\n\t\t\t\t\t<\/div>\n\t\t\t\t<\/div>\n\t\t\t\t\t\t\t\t<\/div>\n\t\t\t\t\t\t\t\t\t\t\t<div class=\"swiper-slide\" data-slide=\"3\" role=\"group\" aria-roledescription=\"slide\" aria-label=\"3 of 6\">\n\t\t\t\t\t\t\t<div class=\"elementor-element elementor-element-91469a9 e-flex e-con-boxed e-con e-child\" data-id=\"91469a9\" data-element_type=\"container\" data-settings=\"{&quot;background_background&quot;:&quot;classic&quot;}\">\n\t\t\t\t\t<div class=\"e-con-inner\">\n\t\t<div class=\"elementor-element elementor-element-93b4026 e-con-full e-flex e-con e-child\" data-id=\"93b4026\" data-element_type=\"container\">\n\t\t\t\t<div class=\"elementor-element elementor-element-e423a2d elementor-widget elementor-widget-heading\" data-id=\"e423a2d\" data-element_type=\"widget\" data-widget_type=\"heading.default\">\n\t\t\t\t<div class=\"elementor-widget-container\">\n\t\t\t<h3 class=\"elementor-heading-title elementor-size-default\">Uniformitats per a col\u00b7legis<br>____<\/h3>\t\t<\/div>\n\t\t\t\t<\/div>\n\t\t\t\t<div class=\"elementor-element elementor-element-fd73611 elementor-widget elementor-widget-text-editor\" data-id=\"fd73611\" data-element_type=\"widget\" data-widget_type=\"text-editor.default\">\n\t\t\t\t<div class=\"elementor-widget-container\">\n\t\t\t\t\t\t\t<p>Els xandalls escolars s\u00f3n perfectes per a col\u00b7legis que usen uniformes, per a oferir tamb\u00e9 una uniformitat per a les activitats esportives del col\u00b7legi o activitats extraescolars com a partits de l&#8217;equip del col\u00b7legi en diferents esports.<\/p>\t\t\t\t\t\t<\/div>\n\t\t\t\t<\/div>\n\t\t\t\t<\/div>\n\t\t\t\t\t<\/div>\n\t\t\t\t<\/div>\n\t\t\t\t\t\t\t\t<\/div>\n\t\t\t\t\t\t\t\t\t\t\t<div class=\"swiper-slide\" data-slide=\"4\" role=\"group\" aria-roledescription=\"slide\" aria-label=\"4 of 6\">\n\t\t\t\t\t\t\t<div class=\"elementor-element elementor-element-cb64285 e-flex e-con-boxed e-con e-child\" data-id=\"cb64285\" data-element_type=\"container\" data-settings=\"{&quot;background_background&quot;:&quot;classic&quot;}\">\n\t\t\t\t\t<div class=\"e-con-inner\">\n\t\t<div class=\"elementor-element elementor-element-96a2669 e-con-full e-flex e-con e-child\" data-id=\"96a2669\" data-element_type=\"container\">\n\t\t\t\t<div class=\"elementor-element elementor-element-a872fed elementor-widget elementor-widget-heading\" data-id=\"a872fed\" data-element_type=\"widget\" data-widget_type=\"heading.default\">\n\t\t\t\t<div class=\"elementor-widget-container\">\n\t\t\t<h3 class=\"elementor-heading-title elementor-size-default\">Fabricacions sense limitacions<br>____<\/h3>\t\t<\/div>\n\t\t\t\t<\/div>\n\t\t\t\t<div class=\"elementor-element elementor-element-8e615a0 elementor-widget elementor-widget-text-editor\" data-id=\"8e615a0\" data-element_type=\"widget\" data-widget_type=\"text-editor.default\">\n\t\t\t\t<div class=\"elementor-widget-container\">\n\t\t\t\t\t\t\t<p>En Uniformes Escolars Platoon, podem fabricar el mateix model de xandals per a guarderies sense limitaci\u00f3 de temporades, ja que guardem el disseny per a futures necessitats com a incorporaci\u00f3 de nous alumnes o necessitat de talles diferents.<\/p>\t\t\t\t\t\t<\/div>\n\t\t\t\t<\/div>\n\t\t\t\t<\/div>\n\t\t\t\t\t<\/div>\n\t\t\t\t<\/div>\n\t\t\t\t\t\t\t\t<\/div>\n\t\t\t\t\t\t\t\t\t\t\t<div class=\"swiper-slide\" data-slide=\"5\" role=\"group\" aria-roledescription=\"slide\" aria-label=\"5 of 6\">\n\t\t\t\t\t\t\t<div class=\"elementor-element elementor-element-87b661e e-flex e-con-boxed e-con e-child\" data-id=\"87b661e\" data-element_type=\"container\" data-settings=\"{&quot;background_background&quot;:&quot;classic&quot;}\">\n\t\t\t\t\t<div class=\"e-con-inner\">\n\t\t\t\t<div class=\"elementor-element elementor-element-005002c elementor-widget elementor-widget-heading\" data-id=\"005002c\" data-element_type=\"widget\" data-widget_type=\"heading.default\">\n\t\t\t\t<div class=\"elementor-widget-container\">\n\t\t\t<h3 class=\"elementor-heading-title elementor-size-default\">Gran qualitat i resist\u00e8ncia<br>____<\/h3>\t\t<\/div>\n\t\t\t\t<\/div>\n\t\t\t\t<div class=\"elementor-element elementor-element-82d28e4 elementor-widget elementor-widget-text-editor\" data-id=\"82d28e4\" data-element_type=\"widget\" data-widget_type=\"text-editor.default\">\n\t\t\t\t<div class=\"elementor-widget-container\">\n\t\t\t\t\t\t\t<p data-pm-slice=\"1 1 []\">Tenim una \u00e0mplia varietat de models de xandalls per a guarderies i en diversos teixits disponibles, tots ells teixits de gran qualitat i resist\u00e8ncia, alhora que flexibles i c\u00f2modes per als m\u00e9s petits.<\/p>\t\t\t\t\t\t<\/div>\n\t\t\t\t<\/div>\n\t\t\t\t\t<\/div>\n\t\t\t\t<\/div>\n\t\t\t\t\t\t\t\t<\/div>\n\t\t\t\t\t\t\t\t\t\t\t<div class=\"swiper-slide\" data-slide=\"6\" role=\"group\" aria-roledescription=\"slide\" aria-label=\"6 of 6\">\n\t\t\t\t\t\t\t<div class=\"elementor-element elementor-element-be05fe1 e-flex e-con-boxed e-con e-child\" data-id=\"be05fe1\" data-element_type=\"container\" data-settings=\"{&quot;background_background&quot;:&quot;classic&quot;}\">\n\t\t\t\t\t<div class=\"e-con-inner\">\n\t\t<div class=\"elementor-element elementor-element-c71877d e-con-full e-flex e-con e-child\" data-id=\"c71877d\" data-element_type=\"container\">\n\t\t\t\t<div class=\"elementor-element elementor-element-e0a7978 elementor-widget elementor-widget-heading\" data-id=\"e0a7978\" data-element_type=\"widget\" data-widget_type=\"heading.default\">\n\t\t\t\t<div class=\"elementor-widget-container\">\n\t\t\t<h3 class=\"elementor-heading-title elementor-size-default\">Pressupost sense comprom\u00eds<br>____<\/h3>\t\t<\/div>\n\t\t\t\t<\/div>\n\t\t\t\t<div class=\"elementor-element elementor-element-a533f3a elementor-widget elementor-widget-text-editor\" data-id=\"a533f3a\" data-element_type=\"widget\" data-widget_type=\"text-editor.default\">\n\t\t\t\t<div class=\"elementor-widget-container\">\n\t\t\t\t\t\t\t<p>Per a un pressupost gratis i sense comprom\u00eds de xandalls de guarderia personalitzats, pots contactar amb nosaltres a trav\u00e9s del formulari de contacte.<\/p>\t\t\t\t\t\t<\/div>\n\t\t\t\t<\/div>\n\t\t\t\t<\/div>\n\t\t\t\t\t<\/div>\n\t\t\t\t<\/div>\n\t\t\t\t\t\t\t\t<\/div>\n\t\t\t\t\t\t\t\t<\/div>\n\t\t<\/div>\n\t\t\t\t\t<div class=\"elementor-swiper-button elementor-swiper-button-prev\" role=\"button\" tabindex=\"0\">\n\t\t\t\t<svg aria-hidden=\"true\" class=\"e-font-icon-svg e-eicon-chevron-left\" viewBox=\"0 0 1000 1000\" xmlns=\"http:\/\/www.w3.org\/2000\/svg\"><path d=\"M646 125C629 125 613 133 604 142L308 442C296 454 292 471 292 487 292 504 296 521 308 533L604 854C617 867 629 875 646 875 663 875 679 871 692 858 704 846 713 829 713 812 713 796 708 779 692 767L438 487 692 225C700 217 708 204 708 187 708 171 704 154 692 142 675 129 663 125 646 125Z\"><\/path><\/svg>\t\t\t<\/div>\n\t\t\t<div class=\"elementor-swiper-button elementor-swiper-button-next\" role=\"button\" tabindex=\"0\">\n\t\t\t\t<svg aria-hidden=\"true\" class=\"e-font-icon-svg e-eicon-chevron-right\" viewBox=\"0 0 1000 1000\" xmlns=\"http:\/\/www.w3.org\/2000\/svg\"><path d=\"M696 533C708 521 713 504 713 487 713 471 708 454 696 446L400 146C388 133 375 125 354 125 338 125 325 129 313 142 300 154 292 171 292 187 292 204 296 221 308 233L563 492 304 771C292 783 288 800 288 817 288 833 296 850 308 863 321 871 338 875 354 875 371 875 388 867 400 854L696 533Z\"><\/path><\/svg>\t\t\t<\/div>\n\t\t\t\t\t<div class=\"swiper-pagination\"><\/div>\n\t\t\t\t<\/div>\n\t\t\t\t<\/div>\n\t\t\t\t\t<\/div>\n\t\t\t\t<\/div>\n\t\t<div class=\"elementor-element elementor-element-d67879b e-flex e-con-boxed e-con e-parent\" data-id=\"d67879b\" data-element_type=\"container\" data-settings=\"{&quot;background_background&quot;:&quot;classic&quot;}\">\n\t\t\t\t\t<div class=\"e-con-inner\">\n\t\t\t\t<div class=\"elementor-element elementor-element-5e5c792 gallery-spacing-custom elementor-widget elementor-widget-image-gallery\" data-id=\"5e5c792\" data-element_type=\"widget\" data-widget_type=\"image-gallery.default\">\n\t\t\t\t<div class=\"elementor-widget-container\">\n\t\t\t\t\t<div class=\"elementor-image-gallery\">\n\t\t\t<div id='gallery-1' class='gallery galleryid-1021 gallery-columns-4 gallery-size-large'><figure class='gallery-item'>\n\t\t\t<div class='gallery-icon landscape'>\n\t\t\t\t<a data-elementor-open-lightbox=\"yes\" data-elementor-lightbox-slideshow=\"5e5c792\" data-elementor-lightbox-title=\"363ca\" data-e-action-hash=\"#elementor-action%3Aaction%3Dlightbox%26settings%3DeyJpZCI6MTE4NywidXJsIjoiaHR0cHM6XC9cL3VuaWZvcm1lc2VzY29sYXJzcGxhdG9vbi5jYXRcL3dwLWNvbnRlbnRcL3VwbG9hZHNcLzIwMjVcLzAxXC8zNjNjYS5qcGciLCJzbGlkZXNob3ciOiI1ZTVjNzkyIn0%3D\" href='https:\/\/uniformesescolarsplatoon.cat\/wp-content\/uploads\/2025\/01\/363ca.jpg'><img fetchpriority=\"high\" decoding=\"async\" width=\"550\" height=\"367\" src=\"https:\/\/uniformesescolarsplatoon.cat\/wp-content\/uploads\/2025\/01\/363ca.jpg\" class=\"attachment-large size-large\" alt=\"\" aria-describedby=\"gallery-1-1187\" srcset=\"https:\/\/uniformesescolarsplatoon.cat\/wp-content\/uploads\/2025\/01\/363ca.jpg 550w, https:\/\/uniformesescolarsplatoon.cat\/wp-content\/uploads\/2025\/01\/363ca-300x200.jpg 300w\" sizes=\"(max-width: 550px) 85vw, 550px\" \/><\/a>\n\t\t\t<\/div>\n\t\t\t\t<figcaption class='wp-caption-text gallery-caption' id='gallery-1-1187'>\n\t\t\t\tXandall1\n\t\t\t\t<\/figcaption><\/figure><figure class='gallery-item'>\n\t\t\t<div class='gallery-icon landscape'>\n\t\t\t\t<a data-elementor-open-lightbox=\"yes\" data-elementor-lightbox-slideshow=\"5e5c792\" data-elementor-lightbox-title=\"362en\" data-e-action-hash=\"#elementor-action%3Aaction%3Dlightbox%26settings%3DeyJpZCI6MTE4OSwidXJsIjoiaHR0cHM6XC9cL3VuaWZvcm1lc2VzY29sYXJzcGxhdG9vbi5jYXRcL3dwLWNvbnRlbnRcL3VwbG9hZHNcLzIwMjVcLzAxXC8zNjJlbi5qcGciLCJzbGlkZXNob3ciOiI1ZTVjNzkyIn0%3D\" href='https:\/\/uniformesescolarsplatoon.cat\/wp-content\/uploads\/2025\/01\/362en.jpg'><img decoding=\"async\" width=\"550\" height=\"367\" src=\"https:\/\/uniformesescolarsplatoon.cat\/wp-content\/uploads\/2025\/01\/362en.jpg\" class=\"attachment-large size-large\" alt=\"\" aria-describedby=\"gallery-1-1189\" srcset=\"https:\/\/uniformesescolarsplatoon.cat\/wp-content\/uploads\/2025\/01\/362en.jpg 550w, https:\/\/uniformesescolarsplatoon.cat\/wp-content\/uploads\/2025\/01\/362en-300x200.jpg 300w\" sizes=\"(max-width: 550px) 85vw, 550px\" \/><\/a>\n\t\t\t<\/div>\n\t\t\t\t<figcaption class='wp-caption-text gallery-caption' id='gallery-1-1189'>\n\t\t\t\tXandall2\n\t\t\t\t<\/figcaption><\/figure><figure class='gallery-item'>\n\t\t\t<div class='gallery-icon landscape'>\n\t\t\t\t<a data-elementor-open-lightbox=\"yes\" data-elementor-lightbox-slideshow=\"5e5c792\" data-elementor-lightbox-title=\"361mi2\" data-e-action-hash=\"#elementor-action%3Aaction%3Dlightbox%26settings%3DeyJpZCI6MTE5MCwidXJsIjoiaHR0cHM6XC9cL3VuaWZvcm1lc2VzY29sYXJzcGxhdG9vbi5jYXRcL3dwLWNvbnRlbnRcL3VwbG9hZHNcLzIwMjVcLzAxXC8zNjFtaTIuanBnIiwic2xpZGVzaG93IjoiNWU1Yzc5MiJ9\" href='https:\/\/uniformesescolarsplatoon.cat\/wp-content\/uploads\/2025\/01\/361mi2.jpg'><img decoding=\"async\" width=\"500\" height=\"333\" src=\"https:\/\/uniformesescolarsplatoon.cat\/wp-content\/uploads\/2025\/01\/361mi2.jpg\" class=\"attachment-large size-large\" alt=\"\" aria-describedby=\"gallery-1-1190\" srcset=\"https:\/\/uniformesescolarsplatoon.cat\/wp-content\/uploads\/2025\/01\/361mi2.jpg 500w, https:\/\/uniformesescolarsplatoon.cat\/wp-content\/uploads\/2025\/01\/361mi2-300x200.jpg 300w\" sizes=\"(max-width: 500px) 85vw, 500px\" \/><\/a>\n\t\t\t<\/div>\n\t\t\t\t<figcaption class='wp-caption-text gallery-caption' id='gallery-1-1190'>\n\t\t\t\tXandall3\n\t\t\t\t<\/figcaption><\/figure><figure class='gallery-item'>\n\t\t\t<div class='gallery-icon landscape'>\n\t\t\t\t<a data-elementor-open-lightbox=\"yes\" data-elementor-lightbox-slideshow=\"5e5c792\" data-elementor-lightbox-title=\"360pi\" data-e-action-hash=\"#elementor-action%3Aaction%3Dlightbox%26settings%3DeyJpZCI6MTE5MSwidXJsIjoiaHR0cHM6XC9cL3VuaWZvcm1lc2VzY29sYXJzcGxhdG9vbi5jYXRcL3dwLWNvbnRlbnRcL3VwbG9hZHNcLzIwMjVcLzAxXC8zNjBwaS5qcGciLCJzbGlkZXNob3ciOiI1ZTVjNzkyIn0%3D\" href='https:\/\/uniformesescolarsplatoon.cat\/wp-content\/uploads\/2025\/01\/360pi.jpg'><img loading=\"lazy\" decoding=\"async\" width=\"542\" height=\"362\" src=\"https:\/\/uniformesescolarsplatoon.cat\/wp-content\/uploads\/2025\/01\/360pi.jpg\" class=\"attachment-large size-large\" alt=\"\" aria-describedby=\"gallery-1-1191\" srcset=\"https:\/\/uniformesescolarsplatoon.cat\/wp-content\/uploads\/2025\/01\/360pi.jpg 542w, https:\/\/uniformesescolarsplatoon.cat\/wp-content\/uploads\/2025\/01\/360pi-300x200.jpg 300w\" sizes=\"(max-width: 542px) 85vw, 542px\" \/><\/a>\n\t\t\t<\/div>\n\t\t\t\t<figcaption class='wp-caption-text gallery-caption' id='gallery-1-1191'>\n\t\t\t\tXandall4\n\t\t\t\t<\/figcaption><\/figure><figure class='gallery-item'>\n\t\t\t<div class='gallery-icon landscape'>\n\t\t\t\t<a data-elementor-open-lightbox=\"yes\" data-elementor-lightbox-slideshow=\"5e5c792\" data-elementor-lightbox-title=\"301emp5\" data-e-action-hash=\"#elementor-action%3Aaction%3Dlightbox%26settings%3DeyJpZCI6MTE5MiwidXJsIjoiaHR0cHM6XC9cL3VuaWZvcm1lc2VzY29sYXJzcGxhdG9vbi5jYXRcL3dwLWNvbnRlbnRcL3VwbG9hZHNcLzIwMjVcLzAxXC8zMDFlbXA1LmpwZyIsInNsaWRlc2hvdyI6IjVlNWM3OTIifQ%3D%3D\" href='https:\/\/uniformesescolarsplatoon.cat\/wp-content\/uploads\/2025\/01\/301emp5.jpg'><img loading=\"lazy\" decoding=\"async\" width=\"692\" height=\"461\" src=\"https:\/\/uniformesescolarsplatoon.cat\/wp-content\/uploads\/2025\/01\/301emp5.jpg\" class=\"attachment-large size-large\" alt=\"\" aria-describedby=\"gallery-1-1192\" srcset=\"https:\/\/uniformesescolarsplatoon.cat\/wp-content\/uploads\/2025\/01\/301emp5.jpg 692w, https:\/\/uniformesescolarsplatoon.cat\/wp-content\/uploads\/2025\/01\/301emp5-300x200.jpg 300w\" sizes=\"(max-width: 692px) 85vw, 692px\" \/><\/a>\n\t\t\t<\/div>\n\t\t\t\t<figcaption class='wp-caption-text gallery-caption' id='gallery-1-1192'>\n\t\t\t\tXandall5\n\t\t\t\t<\/figcaption><\/figure><figure class='gallery-item'>\n\t\t\t<div class='gallery-icon landscape'>\n\t\t\t\t<a data-elementor-open-lightbox=\"yes\" data-elementor-lightbox-slideshow=\"5e5c792\" data-elementor-lightbox-title=\"361mi\" data-e-action-hash=\"#elementor-action%3Aaction%3Dlightbox%26settings%3DeyJpZCI6MTE5MywidXJsIjoiaHR0cHM6XC9cL3VuaWZvcm1lc2VzY29sYXJzcGxhdG9vbi5jYXRcL3dwLWNvbnRlbnRcL3VwbG9hZHNcLzIwMjVcLzAxXC8zNjFtaS5qcGciLCJzbGlkZXNob3ciOiI1ZTVjNzkyIn0%3D\" href='https:\/\/uniformesescolarsplatoon.cat\/wp-content\/uploads\/2025\/01\/361mi.jpg'><img loading=\"lazy\" decoding=\"async\" width=\"500\" height=\"333\" src=\"https:\/\/uniformesescolarsplatoon.cat\/wp-content\/uploads\/2025\/01\/361mi.jpg\" class=\"attachment-large size-large\" alt=\"\" aria-describedby=\"gallery-1-1193\" srcset=\"https:\/\/uniformesescolarsplatoon.cat\/wp-content\/uploads\/2025\/01\/361mi.jpg 500w, https:\/\/uniformesescolarsplatoon.cat\/wp-content\/uploads\/2025\/01\/361mi-300x200.jpg 300w\" sizes=\"(max-width: 500px) 85vw, 500px\" \/><\/a>\n\t\t\t<\/div>\n\t\t\t\t<figcaption class='wp-caption-text gallery-caption' id='gallery-1-1193'>\n\t\t\t\tSamarreta+bermuda1\n\t\t\t\t<\/figcaption><\/figure>\n\t\t<\/div>\n\t\t<\/div>\n\t\t\t\t<\/div>\n\t\t\t\t<\/div>\n\t\t\t\t\t<\/div>\n\t\t\t\t<\/div>\n\t\t<div class=\"elementor-element elementor-element-1bf9e0f e-flex e-con-boxed e-con e-parent\" data-id=\"1bf9e0f\" data-element_type=\"container\" data-settings=\"{&quot;background_background&quot;:&quot;classic&quot;}\">\n\t\t\t\t\t<div class=\"e-con-inner\">\n\t\t\t\t<div class=\"elementor-element elementor-element-62953ae elementor-widget-divider--view-line elementor-widget elementor-widget-divider\" data-id=\"62953ae\" data-element_type=\"widget\" data-widget_type=\"divider.default\">\n\t\t\t\t<div class=\"elementor-widget-container\">\n\t\t\t\t\t<div class=\"elementor-divider\">\n\t\t\t<span class=\"elementor-divider-separator\">\n\t\t\t\t\t\t<\/span>\n\t\t<\/div>\n\t\t\t\t<\/div>\n\t\t\t\t<\/div>\n\t\t\t\t\t<\/div>\n\t\t\t\t<\/div>\n\t\t\t\t<\/div>\n\t\t","protected":false},"excerpt":{"rendered":"<p>CONFECCI\u00d3 I VENDA DE XANDALLS PER A GUARDERIES XANDALLS PER A GUARDERIES I PER ALS M\u00c9S PETITS Xandalls Personalitzats____ En Uniformes Escolars Platoon realitzem la confecci\u00f3 i venda de xandalls per a guarderies de qualsevol color i disseny, amb el seu logotip personalitzat per a Terrassa i la resta del territori. Experi\u00e8ncia demostrable____ Dissenyem nosaltres &hellip; <a href=\"https:\/\/uniformesescolarsplatoon.cat\/index.php\/xandalls-guaderies\/\" class=\"more-link\">Continuar leyendo<span class=\"screen-reader-text\"> \u00abXandalls guaderies\u00bb<\/span><\/a><\/p>\n","protected":false},"author":1,"featured_media":0,"parent":0,"menu_order":0,"comment_status":"closed","ping_status":"closed","template":"elementor_header_footer","meta":{"footnotes":""},"class_list":["post-1021","page","type-page","status-publish","hentry"],"_links":{"self":[{"href":"https:\/\/uniformesescolarsplatoon.cat\/index.php\/wp-json\/wp\/v2\/pages\/1021","targetHints":{"allow":["GET"]}}],"collection":[{"href":"https:\/\/uniformesescolarsplatoon.cat\/index.php\/wp-json\/wp\/v2\/pages"}],"about":[{"href":"https:\/\/uniformesescolarsplatoon.cat\/index.php\/wp-json\/wp\/v2\/types\/page"}],"author":[{"embeddable":true,"href":"https:\/\/uniformesescolarsplatoon.cat\/index.php\/wp-json\/wp\/v2\/users\/1"}],"replies":[{"embeddable":true,"href":"https:\/\/uniformesescolarsplatoon.cat\/index.php\/wp-json\/wp\/v2\/comments?post=1021"}],"version-history":[{"count":7,"href":"https:\/\/uniformesescolarsplatoon.cat\/index.php\/wp-json\/wp\/v2\/pages\/1021\/revisions"}],"predecessor-version":[{"id":1196,"href":"https:\/\/uniformesescolarsplatoon.cat\/index.php\/wp-json\/wp\/v2\/pages\/1021\/revisions\/1196"}],"wp:attachment":[{"href":"https:\/\/uniformesescolarsplatoon.cat\/index.php\/wp-json\/wp\/v2\/media?parent=1021"}],"curies":[{"name":"wp","href":"https:\/\/api.w.org\/{rel}","templated":true}]}}