{"id":1052,"date":"2025-01-20T12:17:21","date_gmt":"2025-01-20T11:17:21","guid":{"rendered":"https:\/\/uniformesescolarsplatoon.cat\/?page_id=1052"},"modified":"2025-01-31T10:41:11","modified_gmt":"2025-01-31T09:41:11","slug":"bates-escolares","status":"publish","type":"page","link":"https:\/\/uniformesescolarsplatoon.cat\/index.php\/bates-escolares\/","title":{"rendered":"Bates escolars"},"content":{"rendered":"\t\t<div data-elementor-type=\"wp-page\" data-elementor-id=\"1052\" class=\"elementor elementor-1052\" data-elementor-post-type=\"page\">\n\t\t\t\t<div class=\"elementor-element elementor-element-f7da916 e-flex e-con-boxed e-con e-parent\" data-id=\"f7da916\" data-element_type=\"container\" data-settings=\"{&quot;background_background&quot;:&quot;classic&quot;}\">\n\t\t\t\t\t<div class=\"e-con-inner\">\n\t\t\t\t<div class=\"elementor-element elementor-element-53df564 animated-slow elementor-invisible elementor-widget elementor-widget-heading\" data-id=\"53df564\" data-element_type=\"widget\" data-settings=\"{&quot;_animation&quot;:&quot;slideInUp&quot;}\" data-widget_type=\"heading.default\">\n\t\t\t\t<div class=\"elementor-widget-container\">\n\t\t\t<h2 class=\"elementor-heading-title elementor-size-default\">CONFECCI\u00d3 I VENDA DE BATES ESCOLARS<\/h2>\t\t<\/div>\n\t\t\t\t<\/div>\n\t\t\t\t<div class=\"elementor-element elementor-element-0f2b207 animated-slow elementor-invisible elementor-widget elementor-widget-heading\" data-id=\"0f2b207\" data-element_type=\"widget\" data-settings=\"{&quot;_animation&quot;:&quot;slideInUp&quot;}\" data-widget_type=\"heading.default\">\n\t\t\t\t<div class=\"elementor-widget-container\">\n\t\t\t<h2 class=\"elementor-heading-title elementor-size-default\">BATES ESCOLARS<\/h2>\t\t<\/div>\n\t\t\t\t<\/div>\n\t\t\t\t\t<\/div>\n\t\t\t\t<\/div>\n\t\t<div class=\"elementor-element elementor-element-c505c76 e-flex e-con-boxed e-con e-parent\" data-id=\"c505c76\" data-element_type=\"container\" data-settings=\"{&quot;background_background&quot;:&quot;classic&quot;}\">\n\t\t\t\t\t<div class=\"e-con-inner\">\n\t\t\t\t<div class=\"elementor-element elementor-element-2f1d258 elementor-pagination-type-bullets elementor-arrows-position-inside elementor-pagination-position-outside elementor-widget elementor-widget-n-carousel\" data-id=\"2f1d258\" data-element_type=\"widget\" data-settings=\"{&quot;carousel_items&quot;:[{&quot;slide_title&quot;:&quot;Varietat de bates&quot;,&quot;_id&quot;:&quot;383b4db&quot;},{&quot;slide_title&quot;:&quot;Bates personalitzades&quot;,&quot;_id&quot;:&quot;b336ec2&quot;},{&quot;slide_title&quot;:&quot;Colors i brodats&quot;,&quot;_id&quot;:&quot;e6a9b74&quot;},{&quot;slide_title&quot;:&quot;Evitar tacar la roba&quot;,&quot;_id&quot;:&quot;6c488a0&quot;},{&quot;slide_title&quot;:&quot;F\\u00e0cils de rentar&quot;,&quot;_id&quot;:&quot;6effef0&quot;},{&quot;slide_title&quot;:&quot;Pressupost sense comprom\\u00eds&quot;,&quot;_id&quot;:&quot;9eccd3b&quot;}],&quot;slides_to_show_tablet&quot;:&quot;2&quot;,&quot;slides_to_show_mobile&quot;:&quot;1&quot;,&quot;autoplay&quot;:&quot;yes&quot;,&quot;autoplay_speed&quot;:5000,&quot;pause_on_hover&quot;:&quot;yes&quot;,&quot;pause_on_interaction&quot;:&quot;yes&quot;,&quot;infinite&quot;:&quot;yes&quot;,&quot;speed&quot;:500,&quot;offset_sides&quot;:&quot;none&quot;,&quot;arrows&quot;:&quot;yes&quot;,&quot;pagination&quot;:&quot;bullets&quot;,&quot;image_spacing_custom&quot;:{&quot;unit&quot;:&quot;px&quot;,&quot;size&quot;:10,&quot;sizes&quot;:[]},&quot;image_spacing_custom_tablet&quot;:{&quot;unit&quot;:&quot;px&quot;,&quot;size&quot;:&quot;&quot;,&quot;sizes&quot;:[]},&quot;image_spacing_custom_mobile&quot;:{&quot;unit&quot;:&quot;px&quot;,&quot;size&quot;:&quot;&quot;,&quot;sizes&quot;:[]}}\" data-widget_type=\"nested-carousel.default\">\n\t\t\t\t<div class=\"elementor-widget-container\">\n\t\t\t\t\t<div class=\"e-n-carousel swiper\" dir=\"ltr\">\n\t\t\t<div class=\"swiper-wrapper\" aria-live=\"off\">\n\t\t\t\t\t\t\t\t\t\t<div class=\"swiper-slide\" data-slide=\"1\" role=\"group\" aria-roledescription=\"slide\" aria-label=\"1 of 6\">\n\t\t\t\t\t\t\t<div class=\"elementor-element elementor-element-13667e8 e-flex e-con-boxed e-con e-child\" data-id=\"13667e8\" data-element_type=\"container\" data-settings=\"{&quot;background_background&quot;:&quot;classic&quot;}\">\n\t\t\t\t\t<div class=\"e-con-inner\">\n\t\t<div class=\"elementor-element elementor-element-9715611 e-con-full e-flex e-con e-child\" data-id=\"9715611\" data-element_type=\"container\">\n\t\t\t\t<div class=\"elementor-element elementor-element-c385ac2 elementor-widget elementor-widget-heading\" data-id=\"c385ac2\" data-element_type=\"widget\" data-widget_type=\"heading.default\">\n\t\t\t\t<div class=\"elementor-widget-container\">\n\t\t\t<h3 class=\"elementor-heading-title elementor-size-default\">Varietat de bates<br>____<\/h3>\t\t<\/div>\n\t\t\t\t<\/div>\n\t\t\t\t<div class=\"elementor-element elementor-element-734d75a elementor-widget elementor-widget-text-editor\" data-id=\"734d75a\" data-element_type=\"widget\" data-widget_type=\"text-editor.default\">\n\t\t\t\t<div class=\"elementor-widget-container\">\n\t\t\t\t\t\t\t<p>En Uniformes Escolars Platoon, confeccionem i venem bates escolars de qualsevol forma, color i disseny, amb el seu logotip personalitzat, des de Terrassa per a la resta del territori.<\/p>\t\t\t\t\t\t<\/div>\n\t\t\t\t<\/div>\n\t\t\t\t<\/div>\n\t\t\t\t\t<\/div>\n\t\t\t\t<\/div>\n\t\t\t\t\t\t\t\t<\/div>\n\t\t\t\t\t\t\t\t\t\t\t<div class=\"swiper-slide\" data-slide=\"2\" role=\"group\" aria-roledescription=\"slide\" aria-label=\"2 of 6\">\n\t\t\t\t\t\t\t<div class=\"elementor-element elementor-element-865b941 e-flex e-con-boxed e-con e-child\" data-id=\"865b941\" data-element_type=\"container\" data-settings=\"{&quot;background_background&quot;:&quot;classic&quot;}\">\n\t\t\t\t\t<div class=\"e-con-inner\">\n\t\t<div class=\"elementor-element elementor-element-dc6ecf5 e-con-full e-flex e-con e-child\" data-id=\"dc6ecf5\" data-element_type=\"container\">\n\t\t\t\t<div class=\"elementor-element elementor-element-4526743 elementor-widget elementor-widget-heading\" data-id=\"4526743\" data-element_type=\"widget\" data-widget_type=\"heading.default\">\n\t\t\t\t<div class=\"elementor-widget-container\">\n\t\t\t<h3 class=\"elementor-heading-title elementor-size-default\">Bates personalitzades<br>____<\/h3>\t\t<\/div>\n\t\t\t\t<\/div>\n\t\t\t\t<div class=\"elementor-element elementor-element-bafb44a elementor-widget elementor-widget-text-editor\" data-id=\"bafb44a\" data-element_type=\"widget\" data-widget_type=\"text-editor.default\">\n\t\t\t\t<div class=\"elementor-widget-container\">\n\t\t\t\t\t\t\t<p>Confeccionem i venem bates escolars, tant per al col\u00b7legi com per a la guarderia, personalitzades amb el logotip o escut del col\u00b7legi i amb el nom i cognoms del nen o nena.<\/p>\t\t\t\t\t\t<\/div>\n\t\t\t\t<\/div>\n\t\t\t\t<\/div>\n\t\t\t\t\t<\/div>\n\t\t\t\t<\/div>\n\t\t\t\t\t\t\t\t<\/div>\n\t\t\t\t\t\t\t\t\t\t\t<div class=\"swiper-slide\" data-slide=\"3\" role=\"group\" aria-roledescription=\"slide\" aria-label=\"3 of 6\">\n\t\t\t\t\t\t\t<div class=\"elementor-element elementor-element-55dc013 e-flex e-con-boxed e-con e-child\" data-id=\"55dc013\" data-element_type=\"container\" data-settings=\"{&quot;background_background&quot;:&quot;classic&quot;}\">\n\t\t\t\t\t<div class=\"e-con-inner\">\n\t\t<div class=\"elementor-element elementor-element-8387d70 e-con-full e-flex e-con e-child\" data-id=\"8387d70\" data-element_type=\"container\">\n\t\t\t\t<div class=\"elementor-element elementor-element-9052fe5 elementor-widget elementor-widget-heading\" data-id=\"9052fe5\" data-element_type=\"widget\" data-widget_type=\"heading.default\">\n\t\t\t\t<div class=\"elementor-widget-container\">\n\t\t\t<h3 class=\"elementor-heading-title elementor-size-default\">Colors i brodats<br>____<\/h3>\t\t<\/div>\n\t\t\t\t<\/div>\n\t\t\t\t<div class=\"elementor-element elementor-element-88f29bd elementor-widget elementor-widget-text-editor\" data-id=\"88f29bd\" data-element_type=\"widget\" data-widget_type=\"text-editor.default\">\n\t\t\t\t<div class=\"elementor-widget-container\">\n\t\t\t\t\t\t\t<p>Podr\u00e0s triar el color de les bates escolars que millor s&#8217;adapti als teus colors corporatius, aix\u00ed com els colors dels brodats i la personalitzaci\u00f3.<\/p>\t\t\t\t\t\t<\/div>\n\t\t\t\t<\/div>\n\t\t\t\t<\/div>\n\t\t\t\t\t<\/div>\n\t\t\t\t<\/div>\n\t\t\t\t\t\t\t\t<\/div>\n\t\t\t\t\t\t\t\t\t\t\t<div class=\"swiper-slide\" data-slide=\"4\" role=\"group\" aria-roledescription=\"slide\" aria-label=\"4 of 6\">\n\t\t\t\t\t\t\t<div class=\"elementor-element elementor-element-e72aed6 e-flex e-con-boxed e-con e-child\" data-id=\"e72aed6\" data-element_type=\"container\" data-settings=\"{&quot;background_background&quot;:&quot;classic&quot;}\">\n\t\t\t\t\t<div class=\"e-con-inner\">\n\t\t<div class=\"elementor-element elementor-element-5268a27 e-con-full e-flex e-con e-child\" data-id=\"5268a27\" data-element_type=\"container\">\n\t\t\t\t<div class=\"elementor-element elementor-element-5302dec elementor-widget elementor-widget-heading\" data-id=\"5302dec\" data-element_type=\"widget\" data-widget_type=\"heading.default\">\n\t\t\t\t<div class=\"elementor-widget-container\">\n\t\t\t<h3 class=\"elementor-heading-title elementor-size-default\">Evitar tacar la roba<br>____<\/h3>\t\t<\/div>\n\t\t\t\t<\/div>\n\t\t\t\t<div class=\"elementor-element elementor-element-6640777 elementor-widget elementor-widget-text-editor\" data-id=\"6640777\" data-element_type=\"widget\" data-widget_type=\"text-editor.default\">\n\t\t\t\t<div class=\"elementor-widget-container\">\n\t\t\t\t\t\t\t<p>Les bates escolars solen usar-se sobretot per a evitar tacar la roba o l&#8217;uniforme en unes certes activitats creatives com a pl\u00e0stica, manualitats, pintura, etc.<\/p>\t\t\t\t\t\t<\/div>\n\t\t\t\t<\/div>\n\t\t\t\t<\/div>\n\t\t\t\t\t<\/div>\n\t\t\t\t<\/div>\n\t\t\t\t\t\t\t\t<\/div>\n\t\t\t\t\t\t\t\t\t\t\t<div class=\"swiper-slide\" data-slide=\"5\" role=\"group\" aria-roledescription=\"slide\" aria-label=\"5 of 6\">\n\t\t\t\t\t\t\t<div class=\"elementor-element elementor-element-7caaffa e-flex e-con-boxed e-con e-child\" data-id=\"7caaffa\" data-element_type=\"container\" data-settings=\"{&quot;background_background&quot;:&quot;classic&quot;}\">\n\t\t\t\t\t<div class=\"e-con-inner\">\n\t\t<div class=\"elementor-element elementor-element-54214e4 e-con-full e-flex e-con e-child\" data-id=\"54214e4\" data-element_type=\"container\">\n\t\t\t\t<div class=\"elementor-element elementor-element-2e1fc30 elementor-widget elementor-widget-heading\" data-id=\"2e1fc30\" data-element_type=\"widget\" data-widget_type=\"heading.default\">\n\t\t\t\t<div class=\"elementor-widget-container\">\n\t\t\t<h3 class=\"elementor-heading-title elementor-size-default\">F\u00e0cils de rentar<br>____<\/h3>\t\t<\/div>\n\t\t\t\t<\/div>\n\t\t\t\t<div class=\"elementor-element elementor-element-0f9013a elementor-widget elementor-widget-text-editor\" data-id=\"0f9013a\" data-element_type=\"widget\" data-widget_type=\"text-editor.default\">\n\t\t\t\t<div class=\"elementor-widget-container\">\n\t\t\t\t\t\t\t<p>En Uniformes Escolars Platoon, fabriquem bates amb teixits de gran qualitat i durabilitat, aix\u00ed com teles de f\u00e0cil neteja i rentables en rentadora.<\/p>\t\t\t\t\t\t<\/div>\n\t\t\t\t<\/div>\n\t\t\t\t<\/div>\n\t\t\t\t\t<\/div>\n\t\t\t\t<\/div>\n\t\t\t\t\t\t\t\t<\/div>\n\t\t\t\t\t\t\t\t\t\t\t<div class=\"swiper-slide\" data-slide=\"6\" role=\"group\" aria-roledescription=\"slide\" aria-label=\"6 of 6\">\n\t\t\t\t\t\t\t<div class=\"elementor-element elementor-element-c1ce446 e-flex e-con-boxed e-con e-child\" data-id=\"c1ce446\" data-element_type=\"container\" data-settings=\"{&quot;background_background&quot;:&quot;classic&quot;}\">\n\t\t\t\t\t<div class=\"e-con-inner\">\n\t\t<div class=\"elementor-element elementor-element-9b5926a e-con-full e-flex e-con e-child\" data-id=\"9b5926a\" data-element_type=\"container\">\n\t\t\t\t<div class=\"elementor-element elementor-element-8b76d77 elementor-widget elementor-widget-heading\" data-id=\"8b76d77\" data-element_type=\"widget\" data-widget_type=\"heading.default\">\n\t\t\t\t<div class=\"elementor-widget-container\">\n\t\t\t<h3 class=\"elementor-heading-title elementor-size-default\">Pressupost sense comprom\u00eds<br>____<\/h3>\t\t<\/div>\n\t\t\t\t<\/div>\n\t\t\t\t<div class=\"elementor-element elementor-element-a49af3f elementor-widget elementor-widget-text-editor\" data-id=\"a49af3f\" data-element_type=\"widget\" data-widget_type=\"text-editor.default\">\n\t\t\t\t<div class=\"elementor-widget-container\">\n\t\t\t\t\t\t\t<p>Per a un pressupost gratis i sense comprom\u00eds de bates escolars personalitzades, pots contactar amb nosaltres a trav\u00e9s del formulari de contacte.<\/p>\t\t\t\t\t\t<\/div>\n\t\t\t\t<\/div>\n\t\t\t\t<\/div>\n\t\t\t\t\t<\/div>\n\t\t\t\t<\/div>\n\t\t\t\t\t\t\t\t<\/div>\n\t\t\t\t\t\t\t\t<\/div>\n\t\t<\/div>\n\t\t\t\t\t<div class=\"elementor-swiper-button elementor-swiper-button-prev\" role=\"button\" tabindex=\"0\">\n\t\t\t\t<svg aria-hidden=\"true\" class=\"e-font-icon-svg e-eicon-chevron-left\" viewBox=\"0 0 1000 1000\" xmlns=\"http:\/\/www.w3.org\/2000\/svg\"><path d=\"M646 125C629 125 613 133 604 142L308 442C296 454 292 471 292 487 292 504 296 521 308 533L604 854C617 867 629 875 646 875 663 875 679 871 692 858 704 846 713 829 713 812 713 796 708 779 692 767L438 487 692 225C700 217 708 204 708 187 708 171 704 154 692 142 675 129 663 125 646 125Z\"><\/path><\/svg>\t\t\t<\/div>\n\t\t\t<div class=\"elementor-swiper-button elementor-swiper-button-next\" role=\"button\" tabindex=\"0\">\n\t\t\t\t<svg aria-hidden=\"true\" class=\"e-font-icon-svg e-eicon-chevron-right\" viewBox=\"0 0 1000 1000\" xmlns=\"http:\/\/www.w3.org\/2000\/svg\"><path d=\"M696 533C708 521 713 504 713 487 713 471 708 454 696 446L400 146C388 133 375 125 354 125 338 125 325 129 313 142 300 154 292 171 292 187 292 204 296 221 308 233L563 492 304 771C292 783 288 800 288 817 288 833 296 850 308 863 321 871 338 875 354 875 371 875 388 867 400 854L696 533Z\"><\/path><\/svg>\t\t\t<\/div>\n\t\t\t\t\t<div class=\"swiper-pagination\"><\/div>\n\t\t\t\t<\/div>\n\t\t\t\t<\/div>\n\t\t\t\t\t<\/div>\n\t\t\t\t<\/div>\n\t\t<div class=\"elementor-element elementor-element-09aa0be e-flex e-con-boxed e-con e-parent\" data-id=\"09aa0be\" data-element_type=\"container\" data-settings=\"{&quot;background_background&quot;:&quot;classic&quot;}\">\n\t\t\t\t\t<div class=\"e-con-inner\">\n\t\t\t\t<div class=\"elementor-element elementor-element-6ce02cb gallery-spacing-custom elementor-widget elementor-widget-image-gallery\" data-id=\"6ce02cb\" data-element_type=\"widget\" data-widget_type=\"image-gallery.default\">\n\t\t\t\t<div class=\"elementor-widget-container\">\n\t\t\t\t\t<div class=\"elementor-image-gallery\">\n\t\t\t<div id='gallery-1' class='gallery galleryid-1052 gallery-columns-4 gallery-size-large'><figure class='gallery-item'>\n\t\t\t<div class='gallery-icon landscape'>\n\t\t\t\t<a data-elementor-open-lightbox=\"yes\" data-elementor-lightbox-slideshow=\"6ce02cb\" data-elementor-lightbox-title=\"302lb\" data-e-action-hash=\"#elementor-action%3Aaction%3Dlightbox%26settings%3DeyJpZCI6MTAzLCJ1cmwiOiJodHRwczpcL1wvdW5pZm9ybWVzZXNjb2xhcnNwbGF0b29uLmNhdFwvd3AtY29udGVudFwvdXBsb2Fkc1wvMjAyNFwvMTFcLzMwMmxiLmpwZyIsInNsaWRlc2hvdyI6IjZjZTAyY2IifQ%3D%3D\" href='https:\/\/uniformesescolarsplatoon.cat\/wp-content\/uploads\/2024\/11\/302lb.jpg'><img fetchpriority=\"high\" decoding=\"async\" width=\"550\" height=\"367\" src=\"https:\/\/uniformesescolarsplatoon.cat\/wp-content\/uploads\/2024\/11\/302lb.jpg\" class=\"attachment-large size-large\" alt=\"\" aria-describedby=\"gallery-1-103\" srcset=\"https:\/\/uniformesescolarsplatoon.cat\/wp-content\/uploads\/2024\/11\/302lb.jpg 550w, https:\/\/uniformesescolarsplatoon.cat\/wp-content\/uploads\/2024\/11\/302lb-300x200.jpg 300w\" sizes=\"(max-width: 550px) 85vw, 550px\" \/><\/a>\n\t\t\t<\/div>\n\t\t\t\t<figcaption class='wp-caption-text gallery-caption' id='gallery-1-103'>\n\t\t\t\tBata1\n\t\t\t\t<\/figcaption><\/figure><figure class='gallery-item'>\n\t\t\t<div class='gallery-icon landscape'>\n\t\t\t\t<a data-elementor-open-lightbox=\"yes\" data-elementor-lightbox-slideshow=\"6ce02cb\" data-elementor-lightbox-title=\"306bal\" data-e-action-hash=\"#elementor-action%3Aaction%3Dlightbox%26settings%3DeyJpZCI6MTA0LCJ1cmwiOiJodHRwczpcL1wvdW5pZm9ybWVzZXNjb2xhcnNwbGF0b29uLmNhdFwvd3AtY29udGVudFwvdXBsb2Fkc1wvMjAyNFwvMTFcLzMwNmJhbC5qcGciLCJzbGlkZXNob3ciOiI2Y2UwMmNiIn0%3D\" href='https:\/\/uniformesescolarsplatoon.cat\/wp-content\/uploads\/2024\/11\/306bal.jpg'><img decoding=\"async\" width=\"692\" height=\"461\" src=\"https:\/\/uniformesescolarsplatoon.cat\/wp-content\/uploads\/2024\/11\/306bal.jpg\" class=\"attachment-large size-large\" alt=\"\" aria-describedby=\"gallery-1-104\" srcset=\"https:\/\/uniformesescolarsplatoon.cat\/wp-content\/uploads\/2024\/11\/306bal.jpg 692w, https:\/\/uniformesescolarsplatoon.cat\/wp-content\/uploads\/2024\/11\/306bal-300x200.jpg 300w\" sizes=\"(max-width: 692px) 85vw, 692px\" \/><\/a>\n\t\t\t<\/div>\n\t\t\t\t<figcaption class='wp-caption-text gallery-caption' id='gallery-1-104'>\n\t\t\t\tBata2\n\t\t\t\t<\/figcaption><\/figure><figure class='gallery-item'>\n\t\t\t<div class='gallery-icon landscape'>\n\t\t\t\t<a data-elementor-open-lightbox=\"yes\" data-elementor-lightbox-slideshow=\"6ce02cb\" data-elementor-lightbox-title=\"309seu2\" data-e-action-hash=\"#elementor-action%3Aaction%3Dlightbox%26settings%3DeyJpZCI6MTA1LCJ1cmwiOiJodHRwczpcL1wvdW5pZm9ybWVzZXNjb2xhcnNwbGF0b29uLmNhdFwvd3AtY29udGVudFwvdXBsb2Fkc1wvMjAyNFwvMTFcLzMwOXNldTIuanBnIiwic2xpZGVzaG93IjoiNmNlMDJjYiJ9\" href='https:\/\/uniformesescolarsplatoon.cat\/wp-content\/uploads\/2024\/11\/309seu2.jpg'><img decoding=\"async\" width=\"692\" height=\"462\" src=\"https:\/\/uniformesescolarsplatoon.cat\/wp-content\/uploads\/2024\/11\/309seu2.jpg\" class=\"attachment-large size-large\" alt=\"\" aria-describedby=\"gallery-1-105\" srcset=\"https:\/\/uniformesescolarsplatoon.cat\/wp-content\/uploads\/2024\/11\/309seu2.jpg 692w, https:\/\/uniformesescolarsplatoon.cat\/wp-content\/uploads\/2024\/11\/309seu2-300x200.jpg 300w\" sizes=\"(max-width: 692px) 85vw, 692px\" \/><\/a>\n\t\t\t<\/div>\n\t\t\t\t<figcaption class='wp-caption-text gallery-caption' id='gallery-1-105'>\n\t\t\t\tBata3\n\t\t\t\t<\/figcaption><\/figure><figure class='gallery-item'>\n\t\t\t<div class='gallery-icon landscape'>\n\t\t\t\t<a data-elementor-open-lightbox=\"yes\" data-elementor-lightbox-slideshow=\"6ce02cb\" data-elementor-lightbox-title=\"329tg\" data-e-action-hash=\"#elementor-action%3Aaction%3Dlightbox%26settings%3DeyJpZCI6MTA2LCJ1cmwiOiJodHRwczpcL1wvdW5pZm9ybWVzZXNjb2xhcnNwbGF0b29uLmNhdFwvd3AtY29udGVudFwvdXBsb2Fkc1wvMjAyNFwvMTFcLzMyOXRnLmpwZyIsInNsaWRlc2hvdyI6IjZjZTAyY2IifQ%3D%3D\" href='https:\/\/uniformesescolarsplatoon.cat\/wp-content\/uploads\/2024\/11\/329tg.jpg'><img loading=\"lazy\" decoding=\"async\" width=\"497\" height=\"332\" src=\"https:\/\/uniformesescolarsplatoon.cat\/wp-content\/uploads\/2024\/11\/329tg.jpg\" class=\"attachment-large size-large\" alt=\"\" aria-describedby=\"gallery-1-106\" srcset=\"https:\/\/uniformesescolarsplatoon.cat\/wp-content\/uploads\/2024\/11\/329tg.jpg 497w, https:\/\/uniformesescolarsplatoon.cat\/wp-content\/uploads\/2024\/11\/329tg-300x200.jpg 300w\" sizes=\"(max-width: 497px) 85vw, 497px\" \/><\/a>\n\t\t\t<\/div>\n\t\t\t\t<figcaption class='wp-caption-text gallery-caption' id='gallery-1-106'>\n\t\t\t\tBata4\n\t\t\t\t<\/figcaption><\/figure><figure class='gallery-item'>\n\t\t\t<div class='gallery-icon landscape'>\n\t\t\t\t<a data-elementor-open-lightbox=\"yes\" data-elementor-lightbox-slideshow=\"6ce02cb\" data-elementor-lightbox-title=\"331mv\" data-e-action-hash=\"#elementor-action%3Aaction%3Dlightbox%26settings%3DeyJpZCI6MTA3LCJ1cmwiOiJodHRwczpcL1wvdW5pZm9ybWVzZXNjb2xhcnNwbGF0b29uLmNhdFwvd3AtY29udGVudFwvdXBsb2Fkc1wvMjAyNFwvMTFcLzMzMW12LmpwZyIsInNsaWRlc2hvdyI6IjZjZTAyY2IifQ%3D%3D\" href='https:\/\/uniformesescolarsplatoon.cat\/wp-content\/uploads\/2024\/11\/331mv.jpg'><img loading=\"lazy\" decoding=\"async\" width=\"461\" height=\"308\" src=\"https:\/\/uniformesescolarsplatoon.cat\/wp-content\/uploads\/2024\/11\/331mv.jpg\" class=\"attachment-large size-large\" alt=\"\" aria-describedby=\"gallery-1-107\" srcset=\"https:\/\/uniformesescolarsplatoon.cat\/wp-content\/uploads\/2024\/11\/331mv.jpg 461w, https:\/\/uniformesescolarsplatoon.cat\/wp-content\/uploads\/2024\/11\/331mv-300x200.jpg 300w\" sizes=\"(max-width: 461px) 85vw, 461px\" \/><\/a>\n\t\t\t<\/div>\n\t\t\t\t<figcaption class='wp-caption-text gallery-caption' id='gallery-1-107'>\n\t\t\t\tBata5\n\t\t\t\t<\/figcaption><\/figure><figure class='gallery-item'>\n\t\t\t<div class='gallery-icon landscape'>\n\t\t\t\t<a data-elementor-open-lightbox=\"yes\" data-elementor-lightbox-slideshow=\"6ce02cb\" data-elementor-lightbox-title=\"332mg\" data-e-action-hash=\"#elementor-action%3Aaction%3Dlightbox%26settings%3DeyJpZCI6MTA4LCJ1cmwiOiJodHRwczpcL1wvdW5pZm9ybWVzZXNjb2xhcnNwbGF0b29uLmNhdFwvd3AtY29udGVudFwvdXBsb2Fkc1wvMjAyNFwvMTFcLzMzMm1nLmpwZyIsInNsaWRlc2hvdyI6IjZjZTAyY2IifQ%3D%3D\" href='https:\/\/uniformesescolarsplatoon.cat\/wp-content\/uploads\/2024\/11\/332mg.jpg'><img loading=\"lazy\" decoding=\"async\" width=\"692\" height=\"462\" src=\"https:\/\/uniformesescolarsplatoon.cat\/wp-content\/uploads\/2024\/11\/332mg.jpg\" class=\"attachment-large size-large\" alt=\"\" aria-describedby=\"gallery-1-108\" srcset=\"https:\/\/uniformesescolarsplatoon.cat\/wp-content\/uploads\/2024\/11\/332mg.jpg 692w, https:\/\/uniformesescolarsplatoon.cat\/wp-content\/uploads\/2024\/11\/332mg-300x200.jpg 300w\" sizes=\"(max-width: 692px) 85vw, 692px\" \/><\/a>\n\t\t\t<\/div>\n\t\t\t\t<figcaption class='wp-caption-text gallery-caption' id='gallery-1-108'>\n\t\t\t\tBata6\n\t\t\t\t<\/figcaption><\/figure><figure class='gallery-item'>\n\t\t\t<div class='gallery-icon landscape'>\n\t\t\t\t<a data-elementor-open-lightbox=\"yes\" data-elementor-lightbox-slideshow=\"6ce02cb\" data-elementor-lightbox-title=\"333cp\" data-e-action-hash=\"#elementor-action%3Aaction%3Dlightbox%26settings%3DeyJpZCI6MTA5LCJ1cmwiOiJodHRwczpcL1wvdW5pZm9ybWVzZXNjb2xhcnNwbGF0b29uLmNhdFwvd3AtY29udGVudFwvdXBsb2Fkc1wvMjAyNFwvMTFcLzMzM2NwLmpwZyIsInNsaWRlc2hvdyI6IjZjZTAyY2IifQ%3D%3D\" href='https:\/\/uniformesescolarsplatoon.cat\/wp-content\/uploads\/2024\/11\/333cp.jpg'><img loading=\"lazy\" decoding=\"async\" width=\"692\" height=\"462\" src=\"https:\/\/uniformesescolarsplatoon.cat\/wp-content\/uploads\/2024\/11\/333cp.jpg\" class=\"attachment-large size-large\" alt=\"\" aria-describedby=\"gallery-1-109\" srcset=\"https:\/\/uniformesescolarsplatoon.cat\/wp-content\/uploads\/2024\/11\/333cp.jpg 692w, https:\/\/uniformesescolarsplatoon.cat\/wp-content\/uploads\/2024\/11\/333cp-300x200.jpg 300w\" sizes=\"(max-width: 692px) 85vw, 692px\" \/><\/a>\n\t\t\t<\/div>\n\t\t\t\t<figcaption class='wp-caption-text gallery-caption' id='gallery-1-109'>\n\t\t\t\tBata7\n\t\t\t\t<\/figcaption><\/figure><figure class='gallery-item'>\n\t\t\t<div class='gallery-icon landscape'>\n\t\t\t\t<a data-elementor-open-lightbox=\"yes\" data-elementor-lightbox-slideshow=\"6ce02cb\" data-elementor-lightbox-title=\"337cd\" data-e-action-hash=\"#elementor-action%3Aaction%3Dlightbox%26settings%3DeyJpZCI6MTEwLCJ1cmwiOiJodHRwczpcL1wvdW5pZm9ybWVzZXNjb2xhcnNwbGF0b29uLmNhdFwvd3AtY29udGVudFwvdXBsb2Fkc1wvMjAyNFwvMTFcLzMzN2NkLmpwZyIsInNsaWRlc2hvdyI6IjZjZTAyY2IifQ%3D%3D\" href='https:\/\/uniformesescolarsplatoon.cat\/wp-content\/uploads\/2024\/11\/337cd.jpg'><img loading=\"lazy\" decoding=\"async\" width=\"692\" height=\"462\" src=\"https:\/\/uniformesescolarsplatoon.cat\/wp-content\/uploads\/2024\/11\/337cd.jpg\" class=\"attachment-large size-large\" alt=\"\" aria-describedby=\"gallery-1-110\" srcset=\"https:\/\/uniformesescolarsplatoon.cat\/wp-content\/uploads\/2024\/11\/337cd.jpg 692w, https:\/\/uniformesescolarsplatoon.cat\/wp-content\/uploads\/2024\/11\/337cd-300x200.jpg 300w\" sizes=\"(max-width: 692px) 85vw, 692px\" \/><\/a>\n\t\t\t<\/div>\n\t\t\t\t<figcaption class='wp-caption-text gallery-caption' id='gallery-1-110'>\n\t\t\t\tBata8\n\t\t\t\t<\/figcaption><\/figure><figure class='gallery-item'>\n\t\t\t<div class='gallery-icon landscape'>\n\t\t\t\t<a data-elementor-open-lightbox=\"yes\" data-elementor-lightbox-slideshow=\"6ce02cb\" data-elementor-lightbox-title=\"363ca2\" data-e-action-hash=\"#elementor-action%3Aaction%3Dlightbox%26settings%3DeyJpZCI6MTExLCJ1cmwiOiJodHRwczpcL1wvdW5pZm9ybWVzZXNjb2xhcnNwbGF0b29uLmNhdFwvd3AtY29udGVudFwvdXBsb2Fkc1wvMjAyNFwvMTFcLzM2M2NhMi5qcGciLCJzbGlkZXNob3ciOiI2Y2UwMmNiIn0%3D\" href='https:\/\/uniformesescolarsplatoon.cat\/wp-content\/uploads\/2024\/11\/363ca2.jpg'><img loading=\"lazy\" decoding=\"async\" width=\"550\" height=\"367\" src=\"https:\/\/uniformesescolarsplatoon.cat\/wp-content\/uploads\/2024\/11\/363ca2.jpg\" class=\"attachment-large size-large\" alt=\"\" aria-describedby=\"gallery-1-111\" srcset=\"https:\/\/uniformesescolarsplatoon.cat\/wp-content\/uploads\/2024\/11\/363ca2.jpg 550w, https:\/\/uniformesescolarsplatoon.cat\/wp-content\/uploads\/2024\/11\/363ca2-300x200.jpg 300w\" sizes=\"(max-width: 550px) 85vw, 550px\" \/><\/a>\n\t\t\t<\/div>\n\t\t\t\t<figcaption class='wp-caption-text gallery-caption' id='gallery-1-111'>\n\t\t\t\tBata9\n\t\t\t\t<\/figcaption><\/figure>\n\t\t<\/div>\n\t\t<\/div>\n\t\t\t\t<\/div>\n\t\t\t\t<\/div>\n\t\t\t\t\t<\/div>\n\t\t\t\t<\/div>\n\t\t\t\t<\/div>\n\t\t","protected":false},"excerpt":{"rendered":"<p>CONFECCI\u00d3 I VENDA DE BATES ESCOLARS BATES ESCOLARS Varietat de bates____ En Uniformes Escolars Platoon, confeccionem i venem bates escolars de qualsevol forma, color i disseny, amb el seu logotip personalitzat, des de Terrassa per a la resta del territori. Bates personalitzades____ Confeccionem i venem bates escolars, tant per al col\u00b7legi com per a la &hellip; <a href=\"https:\/\/uniformesescolarsplatoon.cat\/index.php\/bates-escolares\/\" class=\"more-link\">Continuar leyendo<span class=\"screen-reader-text\"> \u00abBates escolars\u00bb<\/span><\/a><\/p>\n","protected":false},"author":1,"featured_media":0,"parent":0,"menu_order":0,"comment_status":"closed","ping_status":"closed","template":"elementor_header_footer","meta":{"footnotes":""},"class_list":["post-1052","page","type-page","status-publish","hentry"],"_links":{"self":[{"href":"https:\/\/uniformesescolarsplatoon.cat\/index.php\/wp-json\/wp\/v2\/pages\/1052","targetHints":{"allow":["GET"]}}],"collection":[{"href":"https:\/\/uniformesescolarsplatoon.cat\/index.php\/wp-json\/wp\/v2\/pages"}],"about":[{"href":"https:\/\/uniformesescolarsplatoon.cat\/index.php\/wp-json\/wp\/v2\/types\/page"}],"author":[{"embeddable":true,"href":"https:\/\/uniformesescolarsplatoon.cat\/index.php\/wp-json\/wp\/v2\/users\/1"}],"replies":[{"embeddable":true,"href":"https:\/\/uniformesescolarsplatoon.cat\/index.php\/wp-json\/wp\/v2\/comments?post=1052"}],"version-history":[{"count":11,"href":"https:\/\/uniformesescolarsplatoon.cat\/index.php\/wp-json\/wp\/v2\/pages\/1052\/revisions"}],"predecessor-version":[{"id":1121,"href":"https:\/\/uniformesescolarsplatoon.cat\/index.php\/wp-json\/wp\/v2\/pages\/1052\/revisions\/1121"}],"wp:attachment":[{"href":"https:\/\/uniformesescolarsplatoon.cat\/index.php\/wp-json\/wp\/v2\/media?parent=1052"}],"curies":[{"name":"wp","href":"https:\/\/api.w.org\/{rel}","templated":true}]}}