{"id":1064,"date":"2025-01-20T12:30:19","date_gmt":"2025-01-20T11:30:19","guid":{"rendered":"https:\/\/uniformesescolarsplatoon.cat\/?page_id=1064"},"modified":"2025-01-31T10:51:07","modified_gmt":"2025-01-31T09:51:07","slug":"samarretes-escolars","status":"publish","type":"page","link":"https:\/\/uniformesescolarsplatoon.cat\/index.php\/samarretes-escolars\/","title":{"rendered":"Samarretes escolars"},"content":{"rendered":"\t\t<div data-elementor-type=\"wp-page\" data-elementor-id=\"1064\" class=\"elementor elementor-1064\" data-elementor-post-type=\"page\">\n\t\t\t\t<div class=\"elementor-element elementor-element-234314a e-flex e-con-boxed e-con e-parent\" data-id=\"234314a\" data-element_type=\"container\" data-settings=\"{&quot;background_background&quot;:&quot;classic&quot;}\">\n\t\t\t\t\t<div class=\"e-con-inner\">\n\t\t\t\t<div class=\"elementor-element elementor-element-65240a7 animated-slow elementor-invisible elementor-widget elementor-widget-heading\" data-id=\"65240a7\" data-element_type=\"widget\" data-settings=\"{&quot;_animation&quot;:&quot;slideInUp&quot;}\" data-widget_type=\"heading.default\">\n\t\t\t\t<div class=\"elementor-widget-container\">\n\t\t\t<h2 class=\"elementor-heading-title elementor-size-default\">CONFECCI\u00d3 I VENDA DE SAMARRETES ESCOLARS<\/h2>\t\t<\/div>\n\t\t\t\t<\/div>\n\t\t\t\t<div class=\"elementor-element elementor-element-9847adc animated-slow elementor-invisible elementor-widget elementor-widget-heading\" data-id=\"9847adc\" data-element_type=\"widget\" data-settings=\"{&quot;_animation&quot;:&quot;slideInUp&quot;}\" data-widget_type=\"heading.default\">\n\t\t\t\t<div class=\"elementor-widget-container\">\n\t\t\t<h2 class=\"elementor-heading-title elementor-size-default\">SAMARRETES ESCOLARS<\/h2>\t\t<\/div>\n\t\t\t\t<\/div>\n\t\t\t\t\t<\/div>\n\t\t\t\t<\/div>\n\t\t<div class=\"elementor-element elementor-element-e40a218 e-flex e-con-boxed e-con e-parent\" data-id=\"e40a218\" data-element_type=\"container\" data-settings=\"{&quot;background_background&quot;:&quot;classic&quot;}\">\n\t\t\t\t\t<div class=\"e-con-inner\">\n\t\t\t\t<div class=\"elementor-element elementor-element-33a43ef elementor-pagination-type-bullets elementor-arrows-position-inside elementor-pagination-position-outside elementor-widget elementor-widget-n-carousel\" data-id=\"33a43ef\" data-element_type=\"widget\" data-settings=\"{&quot;carousel_items&quot;:[{&quot;slide_title&quot;:&quot;Samarretes personalitzades&quot;,&quot;_id&quot;:&quot;d38ec48&quot;},{&quot;_id&quot;:&quot;bd76bbd&quot;,&quot;slide_title&quot;:&quot;Brodats i estampats&quot;},{&quot;slide_title&quot;:&quot;F\\u00e0cil rentat&quot;,&quot;_id&quot;:&quot;43aa6d4&quot;},{&quot;_id&quot;:&quot;9aefc7d&quot;,&quot;slide_title&quot;:&quot;Per a qualsevol centre&quot;},{&quot;slide_title&quot;:&quot;Comuns sense personalitzaci\\u00f3&quot;,&quot;_id&quot;:&quot;6beaece&quot;},{&quot;slide_title&quot;:&quot;Pressupost sense comprom\\u00eds&quot;,&quot;_id&quot;:&quot;8f581af&quot;}],&quot;slides_to_show_tablet&quot;:&quot;2&quot;,&quot;slides_to_show_mobile&quot;:&quot;1&quot;,&quot;autoplay&quot;:&quot;yes&quot;,&quot;autoplay_speed&quot;:5000,&quot;pause_on_hover&quot;:&quot;yes&quot;,&quot;pause_on_interaction&quot;:&quot;yes&quot;,&quot;infinite&quot;:&quot;yes&quot;,&quot;speed&quot;:500,&quot;offset_sides&quot;:&quot;none&quot;,&quot;arrows&quot;:&quot;yes&quot;,&quot;pagination&quot;:&quot;bullets&quot;,&quot;image_spacing_custom&quot;:{&quot;unit&quot;:&quot;px&quot;,&quot;size&quot;:10,&quot;sizes&quot;:[]},&quot;image_spacing_custom_tablet&quot;:{&quot;unit&quot;:&quot;px&quot;,&quot;size&quot;:&quot;&quot;,&quot;sizes&quot;:[]},&quot;image_spacing_custom_mobile&quot;:{&quot;unit&quot;:&quot;px&quot;,&quot;size&quot;:&quot;&quot;,&quot;sizes&quot;:[]}}\" data-widget_type=\"nested-carousel.default\">\n\t\t\t\t<div class=\"elementor-widget-container\">\n\t\t\t\t\t<div class=\"e-n-carousel swiper\" dir=\"ltr\">\n\t\t\t<div class=\"swiper-wrapper\" aria-live=\"off\">\n\t\t\t\t\t\t\t\t\t\t<div class=\"swiper-slide\" data-slide=\"1\" role=\"group\" aria-roledescription=\"slide\" aria-label=\"1 of 6\">\n\t\t\t\t\t\t\t<div class=\"elementor-element elementor-element-97858f8 e-flex e-con-boxed e-con e-child\" data-id=\"97858f8\" data-element_type=\"container\" data-settings=\"{&quot;background_background&quot;:&quot;classic&quot;}\">\n\t\t\t\t\t<div class=\"e-con-inner\">\n\t\t<div class=\"elementor-element elementor-element-ea5fd93 e-con-full e-flex e-con e-child\" data-id=\"ea5fd93\" data-element_type=\"container\">\n\t\t\t\t<div class=\"elementor-element elementor-element-becd3a3 elementor-widget elementor-widget-heading\" data-id=\"becd3a3\" data-element_type=\"widget\" data-widget_type=\"heading.default\">\n\t\t\t\t<div class=\"elementor-widget-container\">\n\t\t\t<h3 class=\"elementor-heading-title elementor-size-default\">Samarretes personalitzades<br>____<\/h3>\t\t<\/div>\n\t\t\t\t<\/div>\n\t\t\t\t<div class=\"elementor-element elementor-element-3ba10fb elementor-widget elementor-widget-text-editor\" data-id=\"3ba10fb\" data-element_type=\"widget\" data-widget_type=\"text-editor.default\">\n\t\t\t\t<div class=\"elementor-widget-container\">\n\t\t\t\t\t\t\t<p>En Uniformes Escolars Platoon confeccionem i venem samarretes escolars de qualsevol forma, color i disseny, amb el seu logotip personalitzat, des de Terrassa per a la resta del territori.<\/p>\t\t\t\t\t\t<\/div>\n\t\t\t\t<\/div>\n\t\t\t\t<\/div>\n\t\t\t\t\t<\/div>\n\t\t\t\t<\/div>\n\t\t\t\t\t\t\t\t<\/div>\n\t\t\t\t\t\t\t\t\t\t\t<div class=\"swiper-slide\" data-slide=\"2\" role=\"group\" aria-roledescription=\"slide\" aria-label=\"2 of 6\">\n\t\t\t\t\t\t\t<div class=\"elementor-element elementor-element-737398f e-flex e-con-boxed e-con e-child\" data-id=\"737398f\" data-element_type=\"container\" data-settings=\"{&quot;background_background&quot;:&quot;classic&quot;}\">\n\t\t\t\t\t<div class=\"e-con-inner\">\n\t\t\t\t<div class=\"elementor-element elementor-element-816d174 elementor-widget elementor-widget-heading\" data-id=\"816d174\" data-element_type=\"widget\" data-widget_type=\"heading.default\">\n\t\t\t\t<div class=\"elementor-widget-container\">\n\t\t\t<h3 class=\"elementor-heading-title elementor-size-default\">Brodats i estampats<br>____<\/h3>\t\t<\/div>\n\t\t\t\t<\/div>\n\t\t\t\t<div class=\"elementor-element elementor-element-98e7f94 elementor-widget elementor-widget-text-editor\" data-id=\"98e7f94\" data-element_type=\"widget\" data-widget_type=\"text-editor.default\">\n\t\t\t\t<div class=\"elementor-widget-container\">\n\t\t\t\t\t\t\t<p>Les nostres samarretes escolars poden fabricar-se en qualsevol color i personalitzar-se amb el logotip o escut del centre brodat o estampat.<\/p>\t\t\t\t\t\t<\/div>\n\t\t\t\t<\/div>\n\t\t\t\t\t<\/div>\n\t\t\t\t<\/div>\n\t\t\t\t\t\t\t\t<\/div>\n\t\t\t\t\t\t\t\t\t\t\t<div class=\"swiper-slide\" data-slide=\"3\" role=\"group\" aria-roledescription=\"slide\" aria-label=\"3 of 6\">\n\t\t\t\t\t\t\t<div class=\"elementor-element elementor-element-c0a6187 e-flex e-con-boxed e-con e-child\" data-id=\"c0a6187\" data-element_type=\"container\" data-settings=\"{&quot;background_background&quot;:&quot;classic&quot;}\">\n\t\t\t\t\t<div class=\"e-con-inner\">\n\t\t<div class=\"elementor-element elementor-element-867694c e-con-full e-flex e-con e-child\" data-id=\"867694c\" data-element_type=\"container\">\n\t\t\t\t<div class=\"elementor-element elementor-element-7c1502c elementor-widget elementor-widget-heading\" data-id=\"7c1502c\" data-element_type=\"widget\" data-widget_type=\"heading.default\">\n\t\t\t\t<div class=\"elementor-widget-container\">\n\t\t\t<h3 class=\"elementor-heading-title elementor-size-default\">F\u00e0cil rentat<br>____<\/h3>\t\t<\/div>\n\t\t\t\t<\/div>\n\t\t\t\t<div class=\"elementor-element elementor-element-9465577 elementor-widget elementor-widget-text-editor\" data-id=\"9465577\" data-element_type=\"widget\" data-widget_type=\"text-editor.default\">\n\t\t\t\t<div class=\"elementor-widget-container\">\n\t\t\t\t\t\t\t<p>En Uniformes Escolars Platoon fabriquem samarretes escolars amb teixits de gran qualitat, resistents i que no es deformen amb l&#8217;\u00fas, aix\u00ed com de f\u00e0cil rentada i antitaques.<\/p>\t\t\t\t\t\t<\/div>\n\t\t\t\t<\/div>\n\t\t\t\t<\/div>\n\t\t\t\t\t<\/div>\n\t\t\t\t<\/div>\n\t\t\t\t\t\t\t\t<\/div>\n\t\t\t\t\t\t\t\t\t\t\t<div class=\"swiper-slide\" data-slide=\"4\" role=\"group\" aria-roledescription=\"slide\" aria-label=\"4 of 6\">\n\t\t\t\t\t\t\t<div class=\"elementor-element elementor-element-77963dc e-flex e-con-boxed e-con e-child\" data-id=\"77963dc\" data-element_type=\"container\" data-settings=\"{&quot;background_background&quot;:&quot;classic&quot;}\">\n\t\t\t\t\t<div class=\"e-con-inner\">\n\t\t<div class=\"elementor-element elementor-element-19e7a5e e-con-full e-flex e-con e-child\" data-id=\"19e7a5e\" data-element_type=\"container\">\n\t\t\t\t<div class=\"elementor-element elementor-element-6addf4e elementor-widget elementor-widget-heading\" data-id=\"6addf4e\" data-element_type=\"widget\" data-widget_type=\"heading.default\">\n\t\t\t\t<div class=\"elementor-widget-container\">\n\t\t\t<h3 class=\"elementor-heading-title elementor-size-default\">Per a qualsevol centre<br>____<\/h3>\t\t<\/div>\n\t\t\t\t<\/div>\n\t\t\t\t<div class=\"elementor-element elementor-element-85f76a6 elementor-widget elementor-widget-text-editor\" data-id=\"85f76a6\" data-element_type=\"widget\" data-widget_type=\"text-editor.default\">\n\t\t\t\t<div class=\"elementor-widget-container\">\n\t\t\t\t\t\t\t<p>A m\u00e9s, tamb\u00e9 confeccionem i venem samarretes escolars esportives, tant gen\u00e8riques i v\u00e0lides per a qualsevol centre i esport, com personalitzadeds amb els colors i escut o logotip del centre.<\/p>\t\t\t\t\t\t<\/div>\n\t\t\t\t<\/div>\n\t\t\t\t<\/div>\n\t\t\t\t\t<\/div>\n\t\t\t\t<\/div>\n\t\t\t\t\t\t\t\t<\/div>\n\t\t\t\t\t\t\t\t\t\t\t<div class=\"swiper-slide\" data-slide=\"5\" role=\"group\" aria-roledescription=\"slide\" aria-label=\"5 of 6\">\n\t\t\t\t\t\t\t<div class=\"elementor-element elementor-element-a0f640a e-flex e-con-boxed e-con e-child\" data-id=\"a0f640a\" data-element_type=\"container\" data-settings=\"{&quot;background_background&quot;:&quot;classic&quot;}\">\n\t\t\t\t\t<div class=\"e-con-inner\">\n\t\t\t\t<div class=\"elementor-element elementor-element-26b5948 elementor-widget elementor-widget-heading\" data-id=\"26b5948\" data-element_type=\"widget\" data-widget_type=\"heading.default\">\n\t\t\t\t<div class=\"elementor-widget-container\">\n\t\t\t<h3 class=\"elementor-heading-title elementor-size-default\">Comuns sense personalitzaci\u00f3<br>____<\/h3>\t\t<\/div>\n\t\t\t\t<\/div>\n\t\t\t\t<div class=\"elementor-element elementor-element-e4eb1e7 elementor-widget elementor-widget-text-editor\" data-id=\"e4eb1e7\" data-element_type=\"widget\" data-widget_type=\"text-editor.default\">\n\t\t\t\t<div class=\"elementor-widget-container\">\n\t\t\t\t\t\t\t<p>Tenim a la venda samarretes escolars comunes, a un preu m\u00e9s assequible, polos o samarretes blanques sense escut ni logotip per\u00f2 v\u00e0lides per a qualsevol centre escolar.<\/p>\t\t\t\t\t\t<\/div>\n\t\t\t\t<\/div>\n\t\t\t\t\t<\/div>\n\t\t\t\t<\/div>\n\t\t\t\t\t\t\t\t<\/div>\n\t\t\t\t\t\t\t\t\t\t\t<div class=\"swiper-slide\" data-slide=\"6\" role=\"group\" aria-roledescription=\"slide\" aria-label=\"6 of 6\">\n\t\t\t\t\t\t\t<div class=\"elementor-element elementor-element-f4b8ed3 e-flex e-con-boxed e-con e-child\" data-id=\"f4b8ed3\" data-element_type=\"container\" data-settings=\"{&quot;background_background&quot;:&quot;classic&quot;}\">\n\t\t\t\t\t<div class=\"e-con-inner\">\n\t\t<div class=\"elementor-element elementor-element-501c0a1 e-con-full e-flex e-con e-child\" data-id=\"501c0a1\" data-element_type=\"container\">\n\t\t\t\t<div class=\"elementor-element elementor-element-3b7a87d elementor-widget elementor-widget-heading\" data-id=\"3b7a87d\" data-element_type=\"widget\" data-widget_type=\"heading.default\">\n\t\t\t\t<div class=\"elementor-widget-container\">\n\t\t\t<h3 class=\"elementor-heading-title elementor-size-default\">Pressupost sense comprom\u00eds<br>____<\/h3>\t\t<\/div>\n\t\t\t\t<\/div>\n\t\t\t\t<div class=\"elementor-element elementor-element-e80697c elementor-widget elementor-widget-text-editor\" data-id=\"e80697c\" data-element_type=\"widget\" data-widget_type=\"text-editor.default\">\n\t\t\t\t<div class=\"elementor-widget-container\">\n\t\t\t\t\t\t\t<p>Per a un pressupost gratis i sense comprom\u00eds de samarretes escolars personalitzades, pots contactar amb nosaltres a trav\u00e9s del formulari de contacte.<\/p>\t\t\t\t\t\t<\/div>\n\t\t\t\t<\/div>\n\t\t\t\t<\/div>\n\t\t\t\t\t<\/div>\n\t\t\t\t<\/div>\n\t\t\t\t\t\t\t\t<\/div>\n\t\t\t\t\t\t\t\t<\/div>\n\t\t<\/div>\n\t\t\t\t\t<div class=\"elementor-swiper-button elementor-swiper-button-prev\" role=\"button\" tabindex=\"0\">\n\t\t\t\t<svg aria-hidden=\"true\" class=\"e-font-icon-svg e-eicon-chevron-left\" viewBox=\"0 0 1000 1000\" xmlns=\"http:\/\/www.w3.org\/2000\/svg\"><path d=\"M646 125C629 125 613 133 604 142L308 442C296 454 292 471 292 487 292 504 296 521 308 533L604 854C617 867 629 875 646 875 663 875 679 871 692 858 704 846 713 829 713 812 713 796 708 779 692 767L438 487 692 225C700 217 708 204 708 187 708 171 704 154 692 142 675 129 663 125 646 125Z\"><\/path><\/svg>\t\t\t<\/div>\n\t\t\t<div class=\"elementor-swiper-button elementor-swiper-button-next\" role=\"button\" tabindex=\"0\">\n\t\t\t\t<svg aria-hidden=\"true\" class=\"e-font-icon-svg e-eicon-chevron-right\" viewBox=\"0 0 1000 1000\" xmlns=\"http:\/\/www.w3.org\/2000\/svg\"><path d=\"M696 533C708 521 713 504 713 487 713 471 708 454 696 446L400 146C388 133 375 125 354 125 338 125 325 129 313 142 300 154 292 171 292 187 292 204 296 221 308 233L563 492 304 771C292 783 288 800 288 817 288 833 296 850 308 863 321 871 338 875 354 875 371 875 388 867 400 854L696 533Z\"><\/path><\/svg>\t\t\t<\/div>\n\t\t\t\t\t<div class=\"swiper-pagination\"><\/div>\n\t\t\t\t<\/div>\n\t\t\t\t<\/div>\n\t\t\t\t\t<\/div>\n\t\t\t\t<\/div>\n\t\t<div class=\"elementor-element elementor-element-dc3d387 e-flex e-con-boxed e-con e-parent\" data-id=\"dc3d387\" data-element_type=\"container\" data-settings=\"{&quot;background_background&quot;:&quot;classic&quot;}\">\n\t\t\t\t\t<div class=\"e-con-inner\">\n\t\t\t\t<div class=\"elementor-element elementor-element-731f505 gallery-spacing-custom elementor-widget elementor-widget-image-gallery\" data-id=\"731f505\" data-element_type=\"widget\" data-widget_type=\"image-gallery.default\">\n\t\t\t\t<div class=\"elementor-widget-container\">\n\t\t\t\t\t<div class=\"elementor-image-gallery\">\n\t\t\t<div id='gallery-1' class='gallery galleryid-1064 gallery-columns-4 gallery-size-large'><figure class='gallery-item'>\n\t\t\t<div class='gallery-icon landscape'>\n\t\t\t\t<a data-elementor-open-lightbox=\"yes\" data-elementor-lightbox-slideshow=\"731f505\" data-elementor-lightbox-title=\"335ep\" data-e-action-hash=\"#elementor-action%3Aaction%3Dlightbox%26settings%3DeyJpZCI6MTE0MSwidXJsIjoiaHR0cHM6XC9cL3VuaWZvcm1lc2VzY29sYXJzcGxhdG9vbi5jYXRcL3dwLWNvbnRlbnRcL3VwbG9hZHNcLzIwMjVcLzAxXC8zMzVlcC5qcGciLCJzbGlkZXNob3ciOiI3MzFmNTA1In0%3D\" href='https:\/\/uniformesescolarsplatoon.cat\/wp-content\/uploads\/2025\/01\/335ep.jpg'><img fetchpriority=\"high\" decoding=\"async\" width=\"600\" height=\"400\" src=\"https:\/\/uniformesescolarsplatoon.cat\/wp-content\/uploads\/2025\/01\/335ep.jpg\" class=\"attachment-large size-large\" alt=\"\" aria-describedby=\"gallery-1-1141\" srcset=\"https:\/\/uniformesescolarsplatoon.cat\/wp-content\/uploads\/2025\/01\/335ep.jpg 600w, https:\/\/uniformesescolarsplatoon.cat\/wp-content\/uploads\/2025\/01\/335ep-300x200.jpg 300w\" sizes=\"(max-width: 600px) 85vw, 600px\" \/><\/a>\n\t\t\t<\/div>\n\t\t\t\t<figcaption class='wp-caption-text gallery-caption' id='gallery-1-1141'>\n\t\t\t\tM\u00e0niga curta blanca\n\t\t\t\t<\/figcaption><\/figure><figure class='gallery-item'>\n\t\t\t<div class='gallery-icon landscape'>\n\t\t\t\t<a data-elementor-open-lightbox=\"yes\" data-elementor-lightbox-slideshow=\"731f505\" data-elementor-lightbox-title=\"334aub2\" data-e-action-hash=\"#elementor-action%3Aaction%3Dlightbox%26settings%3DeyJpZCI6MTE0MiwidXJsIjoiaHR0cHM6XC9cL3VuaWZvcm1lc2VzY29sYXJzcGxhdG9vbi5jYXRcL3dwLWNvbnRlbnRcL3VwbG9hZHNcLzIwMjVcLzAxXC8zMzRhdWIyLmpwZyIsInNsaWRlc2hvdyI6IjczMWY1MDUifQ%3D%3D\" href='https:\/\/uniformesescolarsplatoon.cat\/wp-content\/uploads\/2025\/01\/334aub2.jpg'><img decoding=\"async\" width=\"600\" height=\"400\" src=\"https:\/\/uniformesescolarsplatoon.cat\/wp-content\/uploads\/2025\/01\/334aub2.jpg\" class=\"attachment-large size-large\" alt=\"\" aria-describedby=\"gallery-1-1142\" srcset=\"https:\/\/uniformesescolarsplatoon.cat\/wp-content\/uploads\/2025\/01\/334aub2.jpg 600w, https:\/\/uniformesescolarsplatoon.cat\/wp-content\/uploads\/2025\/01\/334aub2-300x200.jpg 300w\" sizes=\"(max-width: 600px) 85vw, 600px\" \/><\/a>\n\t\t\t<\/div>\n\t\t\t\t<figcaption class='wp-caption-text gallery-caption' id='gallery-1-1142'>\n\t\t\t\tM\u00e0niga curta groga\n\t\t\t\t<\/figcaption><\/figure><figure class='gallery-item'>\n\t\t\t<div class='gallery-icon landscape'>\n\t\t\t\t<a data-elementor-open-lightbox=\"yes\" data-elementor-lightbox-slideshow=\"731f505\" data-elementor-lightbox-title=\"301emp\" data-e-action-hash=\"#elementor-action%3Aaction%3Dlightbox%26settings%3DeyJpZCI6MTE0MywidXJsIjoiaHR0cHM6XC9cL3VuaWZvcm1lc2VzY29sYXJzcGxhdG9vbi5jYXRcL3dwLWNvbnRlbnRcL3VwbG9hZHNcLzIwMjVcLzAxXC8zMDFlbXAuanBnIiwic2xpZGVzaG93IjoiNzMxZjUwNSJ9\" href='https:\/\/uniformesescolarsplatoon.cat\/wp-content\/uploads\/2025\/01\/301emp.jpg'><img decoding=\"async\" width=\"692\" height=\"462\" src=\"https:\/\/uniformesescolarsplatoon.cat\/wp-content\/uploads\/2025\/01\/301emp.jpg\" class=\"attachment-large size-large\" alt=\"\" aria-describedby=\"gallery-1-1143\" srcset=\"https:\/\/uniformesescolarsplatoon.cat\/wp-content\/uploads\/2025\/01\/301emp.jpg 692w, https:\/\/uniformesescolarsplatoon.cat\/wp-content\/uploads\/2025\/01\/301emp-300x200.jpg 300w\" sizes=\"(max-width: 692px) 85vw, 692px\" \/><\/a>\n\t\t\t<\/div>\n\t\t\t\t<figcaption class='wp-caption-text gallery-caption' id='gallery-1-1143'>\n\t\t\t\tM\u00e0niga curta bicolor1\n\t\t\t\t<\/figcaption><\/figure><figure class='gallery-item'>\n\t\t\t<div class='gallery-icon landscape'>\n\t\t\t\t<a data-elementor-open-lightbox=\"yes\" data-elementor-lightbox-slideshow=\"731f505\" data-elementor-lightbox-title=\"342da\" data-e-action-hash=\"#elementor-action%3Aaction%3Dlightbox%26settings%3DeyJpZCI6MTE0NCwidXJsIjoiaHR0cHM6XC9cL3VuaWZvcm1lc2VzY29sYXJzcGxhdG9vbi5jYXRcL3dwLWNvbnRlbnRcL3VwbG9hZHNcLzIwMjVcLzAxXC8zNDJkYS5qcGciLCJzbGlkZXNob3ciOiI3MzFmNTA1In0%3D\" href='https:\/\/uniformesescolarsplatoon.cat\/wp-content\/uploads\/2025\/01\/342da.jpg'><img loading=\"lazy\" decoding=\"async\" width=\"692\" height=\"462\" src=\"https:\/\/uniformesescolarsplatoon.cat\/wp-content\/uploads\/2025\/01\/342da.jpg\" class=\"attachment-large size-large\" alt=\"\" aria-describedby=\"gallery-1-1144\" srcset=\"https:\/\/uniformesescolarsplatoon.cat\/wp-content\/uploads\/2025\/01\/342da.jpg 692w, https:\/\/uniformesescolarsplatoon.cat\/wp-content\/uploads\/2025\/01\/342da-300x200.jpg 300w\" sizes=\"(max-width: 692px) 85vw, 692px\" \/><\/a>\n\t\t\t<\/div>\n\t\t\t\t<figcaption class='wp-caption-text gallery-caption' id='gallery-1-1144'>\n\t\t\t\tM\u00e0niga curta bicolor2\n\t\t\t\t<\/figcaption><\/figure><figure class='gallery-item'>\n\t\t\t<div class='gallery-icon landscape'>\n\t\t\t\t<a data-elementor-open-lightbox=\"yes\" data-elementor-lightbox-slideshow=\"731f505\" data-elementor-lightbox-title=\"342tdr2\" data-e-action-hash=\"#elementor-action%3Aaction%3Dlightbox%26settings%3DeyJpZCI6MTE0NSwidXJsIjoiaHR0cHM6XC9cL3VuaWZvcm1lc2VzY29sYXJzcGxhdG9vbi5jYXRcL3dwLWNvbnRlbnRcL3VwbG9hZHNcLzIwMjVcLzAxXC8zNDJ0ZHIyLmpwZyIsInNsaWRlc2hvdyI6IjczMWY1MDUifQ%3D%3D\" href='https:\/\/uniformesescolarsplatoon.cat\/wp-content\/uploads\/2025\/01\/342tdr2.jpg'><img loading=\"lazy\" decoding=\"async\" width=\"692\" height=\"462\" src=\"https:\/\/uniformesescolarsplatoon.cat\/wp-content\/uploads\/2025\/01\/342tdr2.jpg\" class=\"attachment-large size-large\" alt=\"\" aria-describedby=\"gallery-1-1145\" srcset=\"https:\/\/uniformesescolarsplatoon.cat\/wp-content\/uploads\/2025\/01\/342tdr2.jpg 692w, https:\/\/uniformesescolarsplatoon.cat\/wp-content\/uploads\/2025\/01\/342tdr2-300x200.jpg 300w\" sizes=\"(max-width: 692px) 85vw, 692px\" \/><\/a>\n\t\t\t<\/div>\n\t\t\t\t<figcaption class='wp-caption-text gallery-caption' id='gallery-1-1145'>\n\t\t\t\tM\u00e0niga llarga vermella\n\t\t\t\t<\/figcaption><\/figure><figure class='gallery-item'>\n\t\t\t<div class='gallery-icon landscape'>\n\t\t\t\t<a data-elementor-open-lightbox=\"yes\" data-elementor-lightbox-slideshow=\"731f505\" data-elementor-lightbox-title=\"337cd3\" data-e-action-hash=\"#elementor-action%3Aaction%3Dlightbox%26settings%3DeyJpZCI6MTE0NiwidXJsIjoiaHR0cHM6XC9cL3VuaWZvcm1lc2VzY29sYXJzcGxhdG9vbi5jYXRcL3dwLWNvbnRlbnRcL3VwbG9hZHNcLzIwMjVcLzAxXC8zMzdjZDMuanBnIiwic2xpZGVzaG93IjoiNzMxZjUwNSJ9\" href='https:\/\/uniformesescolarsplatoon.cat\/wp-content\/uploads\/2025\/01\/337cd3.jpg'><img loading=\"lazy\" decoding=\"async\" width=\"692\" height=\"461\" src=\"https:\/\/uniformesescolarsplatoon.cat\/wp-content\/uploads\/2025\/01\/337cd3.jpg\" class=\"attachment-large size-large\" alt=\"\" aria-describedby=\"gallery-1-1146\" srcset=\"https:\/\/uniformesescolarsplatoon.cat\/wp-content\/uploads\/2025\/01\/337cd3.jpg 692w, https:\/\/uniformesescolarsplatoon.cat\/wp-content\/uploads\/2025\/01\/337cd3-300x200.jpg 300w\" sizes=\"(max-width: 692px) 85vw, 692px\" \/><\/a>\n\t\t\t<\/div>\n\t\t\t\t<figcaption class='wp-caption-text gallery-caption' id='gallery-1-1146'>\n\t\t\t\tM\u00e0niga llarga bicolor\n\t\t\t\t<\/figcaption><\/figure>\n\t\t<\/div>\n\t\t<\/div>\n\t\t\t\t<\/div>\n\t\t\t\t<\/div>\n\t\t\t\t\t<\/div>\n\t\t\t\t<\/div>\n\t\t\t\t<\/div>\n\t\t","protected":false},"excerpt":{"rendered":"<p>CONFECCI\u00d3 I VENDA DE SAMARRETES ESCOLARS SAMARRETES ESCOLARS Samarretes personalitzades____ En Uniformes Escolars Platoon confeccionem i venem samarretes escolars de qualsevol forma, color i disseny, amb el seu logotip personalitzat, des de Terrassa per a la resta del territori. Brodats i estampats____ Les nostres samarretes escolars poden fabricar-se en qualsevol color i personalitzar-se amb el &hellip; <a href=\"https:\/\/uniformesescolarsplatoon.cat\/index.php\/samarretes-escolars\/\" class=\"more-link\">Continuar leyendo<span class=\"screen-reader-text\"> \u00abSamarretes escolars\u00bb<\/span><\/a><\/p>\n","protected":false},"author":1,"featured_media":0,"parent":0,"menu_order":0,"comment_status":"closed","ping_status":"closed","template":"elementor_header_footer","meta":{"footnotes":""},"class_list":["post-1064","page","type-page","status-publish","hentry"],"_links":{"self":[{"href":"https:\/\/uniformesescolarsplatoon.cat\/index.php\/wp-json\/wp\/v2\/pages\/1064","targetHints":{"allow":["GET"]}}],"collection":[{"href":"https:\/\/uniformesescolarsplatoon.cat\/index.php\/wp-json\/wp\/v2\/pages"}],"about":[{"href":"https:\/\/uniformesescolarsplatoon.cat\/index.php\/wp-json\/wp\/v2\/types\/page"}],"author":[{"embeddable":true,"href":"https:\/\/uniformesescolarsplatoon.cat\/index.php\/wp-json\/wp\/v2\/users\/1"}],"replies":[{"embeddable":true,"href":"https:\/\/uniformesescolarsplatoon.cat\/index.php\/wp-json\/wp\/v2\/comments?post=1064"}],"version-history":[{"count":13,"href":"https:\/\/uniformesescolarsplatoon.cat\/index.php\/wp-json\/wp\/v2\/pages\/1064\/revisions"}],"predecessor-version":[{"id":1149,"href":"https:\/\/uniformesescolarsplatoon.cat\/index.php\/wp-json\/wp\/v2\/pages\/1064\/revisions\/1149"}],"wp:attachment":[{"href":"https:\/\/uniformesescolarsplatoon.cat\/index.php\/wp-json\/wp\/v2\/media?parent=1064"}],"curies":[{"name":"wp","href":"https:\/\/api.w.org\/{rel}","templated":true}]}}