{"id":1097,"date":"2025-01-24T10:01:47","date_gmt":"2025-01-24T09:01:47","guid":{"rendered":"https:\/\/uniformesescolarsplatoon.cat\/?page_id=1097"},"modified":"2025-01-31T10:42:30","modified_gmt":"2025-01-31T09:42:30","slug":"equipacions-esportives","status":"publish","type":"page","link":"https:\/\/uniformesescolarsplatoon.cat\/index.php\/equipacions-esportives\/","title":{"rendered":"Equipacions esportives"},"content":{"rendered":"\t\t<div data-elementor-type=\"wp-page\" data-elementor-id=\"1097\" class=\"elementor elementor-1097\" data-elementor-post-type=\"page\">\n\t\t\t\t<div class=\"elementor-element elementor-element-7cb2817 e-flex e-con-boxed e-con e-parent\" data-id=\"7cb2817\" data-element_type=\"container\" data-settings=\"{&quot;background_background&quot;:&quot;classic&quot;}\">\n\t\t\t\t\t<div class=\"e-con-inner\">\n\t\t\t\t<div class=\"elementor-element elementor-element-ddb831b animated-slow elementor-invisible elementor-widget elementor-widget-heading\" data-id=\"ddb831b\" data-element_type=\"widget\" data-settings=\"{&quot;_animation&quot;:&quot;slideInUp&quot;}\" data-widget_type=\"heading.default\">\n\t\t\t\t<div class=\"elementor-widget-container\">\n\t\t\t<h2 class=\"elementor-heading-title elementor-size-default\">CONFECCI\u00d3 I VENDA D'EQUIPACIONS ESCOLARS I ESPORTIVES<\/h2>\t\t<\/div>\n\t\t\t\t<\/div>\n\t\t\t\t<div class=\"elementor-element elementor-element-99bd009 animated-slow elementor-invisible elementor-widget elementor-widget-heading\" data-id=\"99bd009\" data-element_type=\"widget\" data-settings=\"{&quot;_animation&quot;:&quot;slideInUp&quot;}\" data-widget_type=\"heading.default\">\n\t\t\t\t<div class=\"elementor-widget-container\">\n\t\t\t<h2 class=\"elementor-heading-title elementor-size-default\">EQUIPACIONS ESCOLARS <BR>I ESPORTIVES<\/h2>\t\t<\/div>\n\t\t\t\t<\/div>\n\t\t\t\t\t<\/div>\n\t\t\t\t<\/div>\n\t\t<div class=\"elementor-element elementor-element-293ed57 e-flex e-con-boxed e-con e-parent\" data-id=\"293ed57\" data-element_type=\"container\" data-settings=\"{&quot;background_background&quot;:&quot;classic&quot;}\">\n\t\t\t\t\t<div class=\"e-con-inner\">\n\t\t\t\t<div class=\"elementor-element elementor-element-887c364 elementor-pagination-type-bullets elementor-arrows-position-inside elementor-pagination-position-outside elementor-widget elementor-widget-n-carousel\" data-id=\"887c364\" data-element_type=\"widget\" data-settings=\"{&quot;carousel_items&quot;:[{&quot;slide_title&quot;:&quot;Alta qualitat i durabilitat&quot;,&quot;_id&quot;:&quot;b336ec2&quot;},{&quot;slide_title&quot;:&quot;Imatge del col\\u00b7legi&quot;,&quot;_id&quot;:&quot;6c488a0&quot;},{&quot;slide_title&quot;:&quot;Des de 4 a 17 anys&quot;,&quot;_id&quot;:&quot;6effef0&quot;},{&quot;slide_title&quot;:&quot;Per a tots els esports&quot;,&quot;_id&quot;:&quot;fa2b3ee&quot;},{&quot;slide_title&quot;:&quot;Alta qualitat&quot;,&quot;_id&quot;:&quot;8f581af&quot;},{&quot;slide_title&quot;:&quot;Dissenyadors i patronistes&quot;,&quot;_id&quot;:&quot;66b8801&quot;},{&quot;slide_title&quot;:&quot;Pressupost sense comprom\\u00eds&quot;,&quot;_id&quot;:&quot;9eccd3b&quot;}],&quot;slides_to_show_tablet&quot;:&quot;2&quot;,&quot;slides_to_show_mobile&quot;:&quot;1&quot;,&quot;autoplay&quot;:&quot;yes&quot;,&quot;autoplay_speed&quot;:5000,&quot;pause_on_hover&quot;:&quot;yes&quot;,&quot;pause_on_interaction&quot;:&quot;yes&quot;,&quot;infinite&quot;:&quot;yes&quot;,&quot;speed&quot;:500,&quot;offset_sides&quot;:&quot;none&quot;,&quot;arrows&quot;:&quot;yes&quot;,&quot;pagination&quot;:&quot;bullets&quot;,&quot;image_spacing_custom&quot;:{&quot;unit&quot;:&quot;px&quot;,&quot;size&quot;:10,&quot;sizes&quot;:[]},&quot;image_spacing_custom_tablet&quot;:{&quot;unit&quot;:&quot;px&quot;,&quot;size&quot;:&quot;&quot;,&quot;sizes&quot;:[]},&quot;image_spacing_custom_mobile&quot;:{&quot;unit&quot;:&quot;px&quot;,&quot;size&quot;:&quot;&quot;,&quot;sizes&quot;:[]}}\" data-widget_type=\"nested-carousel.default\">\n\t\t\t\t<div class=\"elementor-widget-container\">\n\t\t\t\t\t<div class=\"e-n-carousel swiper\" dir=\"ltr\">\n\t\t\t<div class=\"swiper-wrapper\" aria-live=\"off\">\n\t\t\t\t\t\t\t\t\t\t<div class=\"swiper-slide\" data-slide=\"1\" role=\"group\" aria-roledescription=\"slide\" aria-label=\"1 de 7\">\n\t\t\t\t\t\t\t<div class=\"elementor-element elementor-element-f3cb193 e-flex e-con-boxed e-con e-child\" data-id=\"f3cb193\" data-element_type=\"container\" data-settings=\"{&quot;background_background&quot;:&quot;classic&quot;}\">\n\t\t\t\t\t<div class=\"e-con-inner\">\n\t\t<div class=\"elementor-element elementor-element-e30bfce e-con-full e-flex e-con e-child\" data-id=\"e30bfce\" data-element_type=\"container\">\n\t\t\t\t<div class=\"elementor-element elementor-element-9b46ef0 elementor-widget elementor-widget-heading\" data-id=\"9b46ef0\" data-element_type=\"widget\" data-widget_type=\"heading.default\">\n\t\t\t\t<div class=\"elementor-widget-container\">\n\t\t\t<h3 class=\"elementor-heading-title elementor-size-default\">Alta qualitat i durabilitat<br>____<\/h3>\t\t<\/div>\n\t\t\t\t<\/div>\n\t\t\t\t<div class=\"elementor-element elementor-element-5049a55 elementor-widget elementor-widget-text-editor\" data-id=\"5049a55\" data-element_type=\"widget\" data-widget_type=\"text-editor.default\">\n\t\t\t\t<div class=\"elementor-widget-container\">\n\t\t\t\t\t\t\t<p>Confeccionem els nostres equipaments esportius escolars amb teixits t\u00e8cnics d&#8217;alta qualitat i durabilitat. Utilitzem teixits c\u00f2modes, flexibles i que garanteixin resist\u00e8ncia i durada \u00f2ptimes.<\/p>\t\t\t\t\t\t<\/div>\n\t\t\t\t<\/div>\n\t\t\t\t<\/div>\n\t\t\t\t\t<\/div>\n\t\t\t\t<\/div>\n\t\t\t\t\t\t\t\t<\/div>\n\t\t\t\t\t\t\t\t\t\t\t<div class=\"swiper-slide\" data-slide=\"2\" role=\"group\" aria-roledescription=\"slide\" aria-label=\"2 de 7\">\n\t\t\t\t\t\t\t<div class=\"elementor-element elementor-element-d619233 e-flex e-con-boxed e-con e-child\" data-id=\"d619233\" data-element_type=\"container\" data-settings=\"{&quot;background_background&quot;:&quot;classic&quot;}\">\n\t\t\t\t\t<div class=\"e-con-inner\">\n\t\t<div class=\"elementor-element elementor-element-11ab503 e-con-full e-flex e-con e-child\" data-id=\"11ab503\" data-element_type=\"container\">\n\t\t\t\t<div class=\"elementor-element elementor-element-be1f997 elementor-widget elementor-widget-heading\" data-id=\"be1f997\" data-element_type=\"widget\" data-widget_type=\"heading.default\">\n\t\t\t\t<div class=\"elementor-widget-container\">\n\t\t\t<h3 class=\"elementor-heading-title elementor-size-default\">Imatge del col\u00b7legi<br>____<\/h3>\t\t<\/div>\n\t\t\t\t<\/div>\n\t\t\t\t<div class=\"elementor-element elementor-element-99e5fd5 elementor-widget elementor-widget-text-editor\" data-id=\"99e5fd5\" data-element_type=\"widget\" data-widget_type=\"text-editor.default\">\n\t\t\t\t<div class=\"elementor-widget-container\">\n\t\t\t\t\t\t\t<p>Els equipaments esportius escolars s\u00f3n una part fonamental de l&#8217;uniforme, ja que s\u00f3n la part de l&#8217;uniforme que s&#8217;usa en les activitats tant escolars com extraescolars, per la qual cosa \u00e9s important donar una bona imatge del col\u00b7legi.<\/p>\t\t\t\t\t\t<\/div>\n\t\t\t\t<\/div>\n\t\t\t\t<\/div>\n\t\t\t\t\t<\/div>\n\t\t\t\t<\/div>\n\t\t\t\t\t\t\t\t<\/div>\n\t\t\t\t\t\t\t\t\t\t\t<div class=\"swiper-slide\" data-slide=\"3\" role=\"group\" aria-roledescription=\"slide\" aria-label=\"3 de 7\">\n\t\t\t\t\t\t\t<div class=\"elementor-element elementor-element-56fd5d5 e-flex e-con-boxed e-con e-child\" data-id=\"56fd5d5\" data-element_type=\"container\" data-settings=\"{&quot;background_background&quot;:&quot;classic&quot;}\">\n\t\t\t\t\t<div class=\"e-con-inner\">\n\t\t<div class=\"elementor-element elementor-element-7deb2ec e-con-full e-flex e-con e-child\" data-id=\"7deb2ec\" data-element_type=\"container\">\n\t\t\t\t<div class=\"elementor-element elementor-element-7e962fa elementor-widget elementor-widget-heading\" data-id=\"7e962fa\" data-element_type=\"widget\" data-widget_type=\"heading.default\">\n\t\t\t\t<div class=\"elementor-widget-container\">\n\t\t\t<h3 class=\"elementor-heading-title elementor-size-default\">Des de 4 a 17 anys<br>____<\/h3>\t\t<\/div>\n\t\t\t\t<\/div>\n\t\t\t\t<div class=\"elementor-element elementor-element-9d2367a elementor-widget elementor-widget-text-editor\" data-id=\"9d2367a\" data-element_type=\"widget\" data-widget_type=\"text-editor.default\">\n\t\t\t\t<div class=\"elementor-widget-container\">\n\t\t\t\t\t\t\t<p>En Uniformes Escolars Platoon, confeccionem equipaments esportius escolars en totes les talles, des de 4 a 17 anys, i amb varietat de grand\u00e0ries, perqu\u00e8 tots els alumnes puguin comptar amb el seu equipament.<\/p>\t\t\t\t\t\t<\/div>\n\t\t\t\t<\/div>\n\t\t\t\t<\/div>\n\t\t\t\t\t<\/div>\n\t\t\t\t<\/div>\n\t\t\t\t\t\t\t\t<\/div>\n\t\t\t\t\t\t\t\t\t\t\t<div class=\"swiper-slide\" data-slide=\"4\" role=\"group\" aria-roledescription=\"slide\" aria-label=\"4 de 7\">\n\t\t\t\t\t\t\t<div class=\"elementor-element elementor-element-2dba727 e-flex e-con-boxed e-con e-child\" data-id=\"2dba727\" data-element_type=\"container\" data-settings=\"{&quot;background_background&quot;:&quot;classic&quot;}\">\n\t\t\t\t\t<div class=\"e-con-inner\">\n\t\t<div class=\"elementor-element elementor-element-4da7deb e-con-full e-flex e-con e-child\" data-id=\"4da7deb\" data-element_type=\"container\">\n\t\t\t\t<div class=\"elementor-element elementor-element-e8601b8 elementor-widget elementor-widget-heading\" data-id=\"e8601b8\" data-element_type=\"widget\" data-widget_type=\"heading.default\">\n\t\t\t\t<div class=\"elementor-widget-container\">\n\t\t\t<h3 class=\"elementor-heading-title elementor-size-default\">Per a tots els esports<br>____<\/h3>\t\t<\/div>\n\t\t\t\t<\/div>\n\t\t\t\t<div class=\"elementor-element elementor-element-f2db9a6 elementor-widget elementor-widget-text-editor\" data-id=\"f2db9a6\" data-element_type=\"widget\" data-widget_type=\"text-editor.default\">\n\t\t\t\t<div class=\"elementor-widget-container\">\n\t\t\t\t\t\t\t<p>Els nostres productes abasten equipaments esportius escolars per a tots els esports, equipaments de futbol, equipaments de voleibol, equipaments de b\u00e0squet, equipaments d&#8217;hoquei i per a qualsevol tipus d&#8217;esport.<\/p>\t\t\t\t\t\t<\/div>\n\t\t\t\t<\/div>\n\t\t\t\t<\/div>\n\t\t\t\t\t<\/div>\n\t\t\t\t<\/div>\n\t\t\t\t\t\t\t\t<\/div>\n\t\t\t\t\t\t\t\t\t\t\t<div class=\"swiper-slide\" data-slide=\"5\" role=\"group\" aria-roledescription=\"slide\" aria-label=\"5 de 7\">\n\t\t\t\t\t\t\t<div class=\"elementor-element elementor-element-96979f8 e-flex e-con-boxed e-con e-child\" data-id=\"96979f8\" data-element_type=\"container\" data-settings=\"{&quot;background_background&quot;:&quot;classic&quot;}\">\n\t\t\t\t\t<div class=\"e-con-inner\">\n\t\t<div class=\"elementor-element elementor-element-d6f2311 e-con-full e-flex e-con e-child\" data-id=\"d6f2311\" data-element_type=\"container\">\n\t\t\t\t<div class=\"elementor-element elementor-element-28defd2 elementor-widget elementor-widget-heading\" data-id=\"28defd2\" data-element_type=\"widget\" data-widget_type=\"heading.default\">\n\t\t\t\t<div class=\"elementor-widget-container\">\n\t\t\t<h3 class=\"elementor-heading-title elementor-size-default\">Alta qualitat<br>____<\/h3>\t\t<\/div>\n\t\t\t\t<\/div>\n\t\t\t\t<div class=\"elementor-element elementor-element-e4a6765 elementor-widget elementor-widget-text-editor\" data-id=\"e4a6765\" data-element_type=\"widget\" data-widget_type=\"text-editor.default\">\n\t\t\t\t<div class=\"elementor-widget-container\">\n\t\t\t\t\t\t\t<p>En Uniformes Escolars Platoon, utilitzem els millors teixits i els millors processos de fabricaci\u00f3 per a poder oferir als nostres clients uns productes de la m\u00e9s alta qualitat.<\/p>\t\t\t\t\t\t<\/div>\n\t\t\t\t<\/div>\n\t\t\t\t<\/div>\n\t\t\t\t\t<\/div>\n\t\t\t\t<\/div>\n\t\t\t\t\t\t\t\t<\/div>\n\t\t\t\t\t\t\t\t\t\t\t<div class=\"swiper-slide\" data-slide=\"6\" role=\"group\" aria-roledescription=\"slide\" aria-label=\"6 de 7\">\n\t\t\t\t\t\t\t<div class=\"elementor-element elementor-element-bc4f1a2 e-flex e-con-boxed e-con e-child\" data-id=\"bc4f1a2\" data-element_type=\"container\" data-settings=\"{&quot;background_background&quot;:&quot;classic&quot;}\">\n\t\t\t\t\t<div class=\"e-con-inner\">\n\t\t<div class=\"elementor-element elementor-element-dfb42e2 e-con-full e-flex e-con e-child\" data-id=\"dfb42e2\" data-element_type=\"container\">\n\t\t\t\t<div class=\"elementor-element elementor-element-12c75e6 elementor-widget elementor-widget-heading\" data-id=\"12c75e6\" data-element_type=\"widget\" data-widget_type=\"heading.default\">\n\t\t\t\t<div class=\"elementor-widget-container\">\n\t\t\t<h3 class=\"elementor-heading-title elementor-size-default\">Dissenyadors i patronistes<br>____<\/h3>\t\t<\/div>\n\t\t\t\t<\/div>\n\t\t\t\t<div class=\"elementor-element elementor-element-3ae3cd2 elementor-widget elementor-widget-text-editor\" data-id=\"3ae3cd2\" data-element_type=\"widget\" data-widget_type=\"text-editor.default\">\n\t\t\t\t<div class=\"elementor-widget-container\">\n\t\t\t\t\t\t\t<p>A m\u00e9s de confeccionar els equipaments esportius escolars, tamb\u00e9 realitzem un proc\u00e9s de disseny, comptem amb un equip de dissenyadors i patronistes per a assegurar que els nostres equipaments esportius tenen el disseny m\u00e9s \u00f2ptim.<\/p>\t\t\t\t\t\t<\/div>\n\t\t\t\t<\/div>\n\t\t\t\t<\/div>\n\t\t\t\t\t<\/div>\n\t\t\t\t<\/div>\n\t\t\t\t\t\t\t\t<\/div>\n\t\t\t\t\t\t\t\t\t\t\t<div class=\"swiper-slide\" data-slide=\"7\" role=\"group\" aria-roledescription=\"slide\" aria-label=\"7 de 7\">\n\t\t\t\t\t\t\t<div class=\"elementor-element elementor-element-940bc54 e-flex e-con-boxed e-con e-child\" data-id=\"940bc54\" data-element_type=\"container\" data-settings=\"{&quot;background_background&quot;:&quot;classic&quot;}\">\n\t\t\t\t\t<div class=\"e-con-inner\">\n\t\t<div class=\"elementor-element elementor-element-4833b49 e-con-full e-flex e-con e-child\" data-id=\"4833b49\" data-element_type=\"container\">\n\t\t\t\t<div class=\"elementor-element elementor-element-0dffa3b elementor-widget elementor-widget-heading\" data-id=\"0dffa3b\" data-element_type=\"widget\" data-widget_type=\"heading.default\">\n\t\t\t\t<div class=\"elementor-widget-container\">\n\t\t\t<h3 class=\"elementor-heading-title elementor-size-default\">Pressupost sense comprom\u00eds<br>____<\/h3>\t\t<\/div>\n\t\t\t\t<\/div>\n\t\t\t\t<div class=\"elementor-element elementor-element-1efce7a elementor-widget elementor-widget-text-editor\" data-id=\"1efce7a\" data-element_type=\"widget\" data-widget_type=\"text-editor.default\">\n\t\t\t\t<div class=\"elementor-widget-container\">\n\t\t\t\t\t\t\t<p>Per a un pressupost gratis i sense comprom\u00eds de&#8217;equipament esportiu, pots contactar amb nosaltres a trav\u00e9s del formulari de contacte.<\/p>\t\t\t\t\t\t<\/div>\n\t\t\t\t<\/div>\n\t\t\t\t<\/div>\n\t\t\t\t\t<\/div>\n\t\t\t\t<\/div>\n\t\t\t\t\t\t\t\t<\/div>\n\t\t\t\t\t\t\t\t<\/div>\n\t\t<\/div>\n\t\t\t\t\t<div class=\"elementor-swiper-button elementor-swiper-button-prev\" role=\"button\" tabindex=\"0\">\n\t\t\t\t<svg aria-hidden=\"true\" class=\"e-font-icon-svg e-eicon-chevron-left\" viewBox=\"0 0 1000 1000\" xmlns=\"http:\/\/www.w3.org\/2000\/svg\"><path d=\"M646 125C629 125 613 133 604 142L308 442C296 454 292 471 292 487 292 504 296 521 308 533L604 854C617 867 629 875 646 875 663 875 679 871 692 858 704 846 713 829 713 812 713 796 708 779 692 767L438 487 692 225C700 217 708 204 708 187 708 171 704 154 692 142 675 129 663 125 646 125Z\"><\/path><\/svg>\t\t\t<\/div>\n\t\t\t<div class=\"elementor-swiper-button elementor-swiper-button-next\" role=\"button\" tabindex=\"0\">\n\t\t\t\t<svg aria-hidden=\"true\" class=\"e-font-icon-svg e-eicon-chevron-right\" viewBox=\"0 0 1000 1000\" xmlns=\"http:\/\/www.w3.org\/2000\/svg\"><path d=\"M696 533C708 521 713 504 713 487 713 471 708 454 696 446L400 146C388 133 375 125 354 125 338 125 325 129 313 142 300 154 292 171 292 187 292 204 296 221 308 233L563 492 304 771C292 783 288 800 288 817 288 833 296 850 308 863 321 871 338 875 354 875 371 875 388 867 400 854L696 533Z\"><\/path><\/svg>\t\t\t<\/div>\n\t\t\t\t\t<div class=\"swiper-pagination\"><\/div>\n\t\t\t\t<\/div>\n\t\t\t\t<\/div>\n\t\t\t\t\t<\/div>\n\t\t\t\t<\/div>\n\t\t<div class=\"elementor-element elementor-element-3ffa43d e-flex e-con-boxed e-con e-parent\" data-id=\"3ffa43d\" data-element_type=\"container\" data-settings=\"{&quot;background_background&quot;:&quot;classic&quot;}\">\n\t\t\t\t\t<div class=\"e-con-inner\">\n\t\t\t\t<div class=\"elementor-element elementor-element-3873682 gallery-spacing-custom elementor-widget elementor-widget-image-gallery\" data-id=\"3873682\" data-element_type=\"widget\" data-widget_type=\"image-gallery.default\">\n\t\t\t\t<div class=\"elementor-widget-container\">\n\t\t\t\t\t<div class=\"elementor-image-gallery\">\n\t\t\t<div id='gallery-1' class='gallery galleryid-1097 gallery-columns-4 gallery-size-large'><figure class='gallery-item'>\n\t\t\t<div class='gallery-icon landscape'>\n\t\t\t\t<a data-elementor-open-lightbox=\"yes\" data-elementor-lightbox-slideshow=\"3873682\" data-elementor-lightbox-title=\"305sg\" data-e-action-hash=\"#elementor-action%3Aaction%3Dlightbox%26settings%3DeyJpZCI6MTEzMiwidXJsIjoiaHR0cHM6XC9cL3VuaWZvcm1lc2VzY29sYXJzcGxhdG9vbi5jYXRcL3dwLWNvbnRlbnRcL3VwbG9hZHNcLzIwMjVcLzAxXC8zMDVzZy5qcGciLCJzbGlkZXNob3ciOiIzODczNjgyIn0%3D\" href='https:\/\/uniformesescolarsplatoon.cat\/wp-content\/uploads\/2025\/01\/305sg.jpg'><img fetchpriority=\"high\" decoding=\"async\" width=\"692\" height=\"461\" src=\"https:\/\/uniformesescolarsplatoon.cat\/wp-content\/uploads\/2025\/01\/305sg.jpg\" class=\"attachment-large size-large\" alt=\"\" aria-describedby=\"gallery-1-1132\" srcset=\"https:\/\/uniformesescolarsplatoon.cat\/wp-content\/uploads\/2025\/01\/305sg.jpg 692w, https:\/\/uniformesescolarsplatoon.cat\/wp-content\/uploads\/2025\/01\/305sg-300x200.jpg 300w\" sizes=\"(max-width: 692px) 85vw, 692px\" \/><\/a>\n\t\t\t<\/div>\n\t\t\t\t<figcaption class='wp-caption-text gallery-caption' id='gallery-1-1132'>\n\t\t\t\tSamarreta esportiva 1\n\t\t\t\t<\/figcaption><\/figure>\n\t\t<\/div>\n\t\t<\/div>\n\t\t\t\t<\/div>\n\t\t\t\t<\/div>\n\t\t\t\t\t<\/div>\n\t\t\t\t<\/div>\n\t\t\t\t<\/div>\n\t\t","protected":false},"excerpt":{"rendered":"<p>CONFECCI\u00d3 I VENDA D&#8217;EQUIPACIONS ESCOLARS I ESPORTIVES EQUIPACIONS ESCOLARS I ESPORTIVES Alta qualitat i durabilitat____ Confeccionem els nostres equipaments esportius escolars amb teixits t\u00e8cnics d&#8217;alta qualitat i durabilitat. Utilitzem teixits c\u00f2modes, flexibles i que garanteixin resist\u00e8ncia i durada \u00f2ptimes. Imatge del col\u00b7legi____ Els equipaments esportius escolars s\u00f3n una part fonamental de l&#8217;uniforme, ja que s\u00f3n &hellip; <a href=\"https:\/\/uniformesescolarsplatoon.cat\/index.php\/equipacions-esportives\/\" class=\"more-link\">Continuar leyendo<span class=\"screen-reader-text\"> \u00abEquipacions esportives\u00bb<\/span><\/a><\/p>\n","protected":false},"author":1,"featured_media":0,"parent":0,"menu_order":0,"comment_status":"closed","ping_status":"closed","template":"elementor_header_footer","meta":{"footnotes":""},"class_list":["post-1097","page","type-page","status-publish","hentry"],"_links":{"self":[{"href":"https:\/\/uniformesescolarsplatoon.cat\/index.php\/wp-json\/wp\/v2\/pages\/1097","targetHints":{"allow":["GET"]}}],"collection":[{"href":"https:\/\/uniformesescolarsplatoon.cat\/index.php\/wp-json\/wp\/v2\/pages"}],"about":[{"href":"https:\/\/uniformesescolarsplatoon.cat\/index.php\/wp-json\/wp\/v2\/types\/page"}],"author":[{"embeddable":true,"href":"https:\/\/uniformesescolarsplatoon.cat\/index.php\/wp-json\/wp\/v2\/users\/1"}],"replies":[{"embeddable":true,"href":"https:\/\/uniformesescolarsplatoon.cat\/index.php\/wp-json\/wp\/v2\/comments?post=1097"}],"version-history":[{"count":13,"href":"https:\/\/uniformesescolarsplatoon.cat\/index.php\/wp-json\/wp\/v2\/pages\/1097\/revisions"}],"predecessor-version":[{"id":1135,"href":"https:\/\/uniformesescolarsplatoon.cat\/index.php\/wp-json\/wp\/v2\/pages\/1097\/revisions\/1135"}],"wp:attachment":[{"href":"https:\/\/uniformesescolarsplatoon.cat\/index.php\/wp-json\/wp\/v2\/media?parent=1097"}],"curies":[{"name":"wp","href":"https:\/\/api.w.org\/{rel}","templated":true}]}}